{"id":3471,"date":"2025-08-02T23:12:32","date_gmt":"2025-08-02T21:12:32","guid":{"rendered":"https:\/\/the-7th-day.de\/blog\/?post_type=product&#038;p=3471"},"modified":"2025-08-22T10:19:54","modified_gmt":"2025-08-22T08:19:54","slug":"camera-obscura","status":"publish","type":"product","link":"https:\/\/the-7th-day.de\/blog\/produkt\/camera-obscura\/","title":{"rendered":"Camera Obscura"},"content":{"rendered":"<h1 data-start=\"251\" data-end=\"316\">Framed Camera Obscura \u2013 Langzeitbelichtung im eigenen Raum<\/h1>\n<p data-start=\"318\" data-end=\"639\">Die <strong data-start=\"322\" data-end=\"347\">Framed Camera Obscura<\/strong> ist eine rahmenmontierte <strong>Lochkamera<\/strong>, die sich ganz einfach an der Wand befestigen oder auf einem Tisch aufstellen l\u00e4sst. Sie eignet sich perfekt f\u00fcr alle, die den Prozess der <strong>analogen Langzeitfotografie<\/strong> direkt in ihrem Alltag erleben m\u00f6chten \u2013 ob im Wohnzimmer, im B\u00fcro oder in Praxisr\u00e4umen.<\/p>\n<hr \/>\n<p><span style=\"font-size: 100%;\"><strong>Inhalt:<\/strong><\/span><\/p>\n<ul>\n<li>1 \u00d7 Camera Obscura im Rahmen (vorinstalliert mit Fotopapier)<\/li>\n<li>1x Fotopapier f\u00fcr die Belichtung im ersten Jahr<\/li>\n<li>Ausf\u00fchrliche Anleitung zur Platzierung und Belichtung<\/li>\n<li>Adressierter R\u00fcckumschlag f\u00fcr das belichtete Negativ<\/li>\n<li>Scannen und digitale Bearbeitung des Bildes<\/li>\n<li>Passwort f\u00fcr den Zugang zum digitalen Projektarchiv<\/li>\n<\/ul>\n<hr \/>\n<h2><span style=\"font-size: 80%;\">Ein Bild pro Jahr \u2013 sichtbar gemachte Zeit<\/span><\/h2>\n<p>Inspiriert von der Lochkamera Technik aus dem Projekt <strong>The 7th Day<\/strong> wurde diese besondere <strong>Camera Obscura<\/strong> bereits in einer Stuttgarter <strong>Arztpraxis<\/strong> \u00fcber viele Jahre hinweg genutzt. Dort ist sie fest im Raum installiert und belichtet kontinuierlich die Umgebung. Einmal im Jahr \u2013 jeweils im Januar \u2013 wird das Negativ entnommen und zu uns gesendet. Wir scannen, entwickeln das Bild und drucken das daraus entstandene Positiv aus. Dieses wird anschlie\u00dfend direkt neben der Kamera und den Bildern der letzten Jahren an der Wand angebracht \u2013 so entsteht \u00fcber die Jahre hinweg eine <strong>einzigartige<\/strong> <strong>fotografische Zeitreihe<\/strong> des Raums.<\/p>\n<hr \/>\n<h3 data-start=\"172\" data-end=\"222\">F\u00fcr wen eignet sich die Framed Camera Obscura?<\/h3>\n<p data-start=\"224\" data-end=\"443\">Diese besondere Form der <strong>Camera Obscura<\/strong> richtet sich an Menschen, die Interesse an <strong>Langzeitprozessen<\/strong>, analoger Fotografie und visueller Raumbeobachtung haben \u2013 ganz ohne digitale Technik. Besonders geeignet ist sie f\u00fcr:<\/p>\n<ul data-start=\"445\" data-end=\"914\">\n<li data-start=\"445\" data-end=\"562\">\n<p data-start=\"447\" data-end=\"562\"><strong data-start=\"447\" data-end=\"481\">Praxen, B\u00fcros und Arbeitsr\u00e4ume<\/strong>, in denen ein langfristiger Blick auf Ver\u00e4nderung und Atmosph\u00e4re gew\u00fcnscht ist<\/p>\n<\/li>\n<li data-start=\"563\" data-end=\"651\">\n<p data-start=\"565\" data-end=\"651\"><strong data-start=\"565\" data-end=\"596\">K\u00fcnstler:innen und Kreative<\/strong>, die mit Zeit, Licht und Raum experimentieren wollen<\/p>\n<\/li>\n<li data-start=\"563\" data-end=\"651\"><strong data-start=\"652\" data-end=\"671\">Privathaushalte<\/strong>, insbesondere <strong data-start=\"686\" data-end=\"729\">Wohnzimmer, Esszimmer oder ruhige Ecken<\/strong><\/li>\n<li data-start=\"652\" data-end=\"802\">\n<p data-start=\"654\" data-end=\"802\"><strong data-start=\"654\" data-end=\"679\">Bildungseinrichtungen<\/strong>, die Sch\u00fcler:innen oder Studierenden das Prinzip analoger Fotografie und Langzeitbelichtung praxisnah vermitteln m\u00f6chten<\/p>\n<\/li>\n<li data-start=\"803\" data-end=\"914\">\n<p data-start=\"805\" data-end=\"914\"><strong data-start=\"805\" data-end=\"845\">Design- und Architekturinteressierte<\/strong>, die Ver\u00e4nderungen im Raum \u00fcber l\u00e4ngere Zeit dokumentieren m\u00f6chten<\/p>\n<\/li>\n<\/ul>\n<p data-start=\"916\" data-end=\"1260\">Die Kamera erfasst keine Personen \u2013 es entstehen keine klassischen Portr\u00e4ts oder Schnappsch\u00fcsse. Stattdessen zeigen die Bilder M\u00f6bel, Gegenst\u00e4nde und Lichtspuren, die den Charakter und die Nutzung eines Raums sichtbar machen. \u00dcber ein Jahr hinweg entsteht so eine fotografische Chronik.<\/p>\n<hr \/>\n<p><strong>Weitere Informationen:<\/strong><\/p>\n<p><a href=\"https:\/\/the-7th-day.de\/\">the-7th-day.de<\/a><\/p>\n<hr \/>\n<h3>Preis:<\/h3>\n<p>\u20ac240,00 zzgl. Versandkosten<\/p>\n<p>Lieferung per DHL innerhalb von 2\u20135 Werktagen.<br \/>\nRechnung liegt bei. Kein Mehrwertsteuerausweis gem\u00e4\u00df \u00a7\u202f19 UStG (Kleinunternehmerregelung).<\/p>\n","protected":false},"excerpt":{"rendered":"<p>Die <strong>Framed Camera Obscura<\/strong> eignet sich zur Langzeitbelichtung in Innenr\u00e4umen. Ideal f\u00fcr Praxen, Wohnzimmer und f\u00fcr Zuhause.<\/p>\n","protected":false},"featured_media":3396,"template":"","meta":[],"product_brand":[],"product_cat":[],"product_tag":[],"class_list":{"0":"post-3471","1":"product","2":"type-product","3":"status-publish","4":"has-post-thumbnail","6":"product_shipping_class-paket","8":"first","9":"instock","10":"featured","11":"shipping-taxable","12":"purchasable","13":"product-type-simple"},"yoast_head":"<!-- This site is optimized with the Yoast SEO plugin v25.7 - https:\/\/yoast.com\/wordpress\/plugins\/seo\/ -->\n<title>Camera Obscura - The 7th Day<\/title>\n<meta name=\"description\" content=\"Langzeitbelichtung mit Stil: analoge Camera Obscura f\u00fcr Wand oder Tisch. Ideal f\u00fcr Praxen, Wohnr\u00e4ume, Schulen &amp; kreative Langzeitprojekte.\" \/>\n<meta name=\"robots\" content=\"index, follow, max-snippet:-1, max-image-preview:large, max-video-preview:-1\" \/>\n<link rel=\"canonical\" href=\"https:\/\/the-7th-day.de\/blog\/produkt\/camera-obscura\/\" \/>\n<meta property=\"og:locale\" content=\"de_DE\" \/>\n<meta property=\"og:type\" content=\"article\" \/>\n<meta property=\"og:title\" content=\"Camera Obscura - The 7th Day\" \/>\n<meta property=\"og:description\" content=\"Langzeitbelichtung mit Stil: analoge Camera Obscura f\u00fcr Wand oder Tisch. Ideal f\u00fcr Praxen, Wohnr\u00e4ume, Schulen &amp; kreative Langzeitprojekte.\" \/>\n<meta property=\"og:url\" content=\"https:\/\/the-7th-day.de\/blog\/produkt\/camera-obscura\/\" \/>\n<meta property=\"og:site_name\" content=\"The 7th Day\" \/>\n<meta property=\"article:publisher\" content=\"https:\/\/www.facebook.com\/the7tday\" \/>\n<meta property=\"article:modified_time\" content=\"2025-08-22T08:19:54+00:00\" \/>\n<meta property=\"og:image\" content=\"https:\/\/the-7th-day.de\/blog\/wp-content\/uploads\/2025\/08\/Framed-Camera-Obscura.webp\" \/>\n\t<meta property=\"og:image:width\" content=\"800\" \/>\n\t<meta property=\"og:image:height\" content=\"800\" \/>\n\t<meta property=\"og:image:type\" content=\"image\/webp\" \/>\n<meta name=\"twitter:card\" content=\"summary_large_image\" \/>\n<meta name=\"twitter:label1\" content=\"Gesch\u00e4tzte Lesezeit\" \/>\n\t<meta name=\"twitter:data1\" content=\"3\u00a0Minuten\" \/>\n<script type=\"application\/ld+json\" class=\"yoast-schema-graph\">{\"@context\":\"https:\/\/schema.org\",\"@graph\":[{\"@type\":\"WebPage\",\"@id\":\"https:\/\/the-7th-day.de\/blog\/produkt\/camera-obscura\/\",\"url\":\"https:\/\/the-7th-day.de\/blog\/produkt\/camera-obscura\/\",\"name\":\"Camera Obscura - The 7th Day\",\"isPartOf\":{\"@id\":\"https:\/\/the-7th-day.de\/blog\/#website\"},\"primaryImageOfPage\":{\"@id\":\"https:\/\/the-7th-day.de\/blog\/produkt\/camera-obscura\/#primaryimage\"},\"image\":{\"@id\":\"https:\/\/the-7th-day.de\/blog\/produkt\/camera-obscura\/#primaryimage\"},\"thumbnailUrl\":\"https:\/\/the-7th-day.de\/blog\/wp-content\/uploads\/2025\/08\/Framed-Camera-Obscura.webp\",\"datePublished\":\"2025-08-02T21:12:32+00:00\",\"dateModified\":\"2025-08-22T08:19:54+00:00\",\"description\":\"Langzeitbelichtung mit Stil: analoge Camera Obscura f\u00fcr Wand oder Tisch. Ideal f\u00fcr Praxen, Wohnr\u00e4ume, Schulen & kreative Langzeitprojekte.\",\"breadcrumb\":{\"@id\":\"https:\/\/the-7th-day.de\/blog\/produkt\/camera-obscura\/#breadcrumb\"},\"inLanguage\":\"de\",\"potentialAction\":[{\"@type\":\"ReadAction\",\"target\":[\"https:\/\/the-7th-day.de\/blog\/produkt\/camera-obscura\/\"]}]},{\"@type\":\"ImageObject\",\"inLanguage\":\"de\",\"@id\":\"https:\/\/the-7th-day.de\/blog\/produkt\/camera-obscura\/#primaryimage\",\"url\":\"https:\/\/the-7th-day.de\/blog\/wp-content\/uploads\/2025\/08\/Framed-Camera-Obscura.webp\",\"contentUrl\":\"https:\/\/the-7th-day.de\/blog\/wp-content\/uploads\/2025\/08\/Framed-Camera-Obscura.webp\",\"width\":800,\"height\":800,\"caption\":\"Framed Camera Obscura Bild frontal aufgenommen\"},{\"@type\":\"BreadcrumbList\",\"@id\":\"https:\/\/the-7th-day.de\/blog\/produkt\/camera-obscura\/#breadcrumb\",\"itemListElement\":[{\"@type\":\"ListItem\",\"position\":1,\"name\":\"Front Page\",\"item\":\"https:\/\/the-7th-day.de\/blog\/\"},{\"@type\":\"ListItem\",\"position\":2,\"name\":\"Camera Obscura kaufen\",\"item\":\"https:\/\/the-7th-day.de\/blog\/camera-obscura-kaufen\/\"},{\"@type\":\"ListItem\",\"position\":3,\"name\":\"Camera Obscura\"}]},{\"@type\":\"WebSite\",\"@id\":\"https:\/\/the-7th-day.de\/blog\/#website\",\"url\":\"https:\/\/the-7th-day.de\/blog\/\",\"name\":\"The 7th Day\",\"description\":\"\",\"publisher\":{\"@id\":\"https:\/\/the-7th-day.de\/blog\/#organization\"},\"potentialAction\":[{\"@type\":\"SearchAction\",\"target\":{\"@type\":\"EntryPoint\",\"urlTemplate\":\"https:\/\/the-7th-day.de\/blog\/?s={search_term_string}\"},\"query-input\":{\"@type\":\"PropertyValueSpecification\",\"valueRequired\":true,\"valueName\":\"search_term_string\"}}],\"inLanguage\":\"de\"},{\"@type\":\"Organization\",\"@id\":\"https:\/\/the-7th-day.de\/blog\/#organization\",\"name\":\"The 7th Day\",\"url\":\"https:\/\/the-7th-day.de\/blog\/\",\"logo\":{\"@type\":\"ImageObject\",\"inLanguage\":\"de\",\"@id\":\"https:\/\/the-7th-day.de\/blog\/#\/schema\/logo\/image\/\",\"url\":\"https:\/\/the-7th-day.de\/blog\/wp-content\/uploads\/2025\/07\/7th-Day-logo-scaled.webp\",\"contentUrl\":\"https:\/\/the-7th-day.de\/blog\/wp-content\/uploads\/2025\/07\/7th-Day-logo-scaled.webp\",\"width\":2048,\"height\":506,\"caption\":\"The 7th Day\"},\"image\":{\"@id\":\"https:\/\/the-7th-day.de\/blog\/#\/schema\/logo\/image\/\"},\"sameAs\":[\"https:\/\/www.facebook.com\/the7tday\",\"https:\/\/www.instagram.com\/the7thday\/\",\"https:\/\/de.pinterest.com\/the7thdayGE\/\"]}]}<\/script>\n<!-- \/ Yoast SEO plugin. -->","yoast_head_json":{"title":"Camera Obscura - The 7th Day","description":"Langzeitbelichtung mit Stil: analoge Camera Obscura f\u00fcr Wand oder Tisch. Ideal f\u00fcr Praxen, Wohnr\u00e4ume, Schulen & kreative Langzeitprojekte.","robots":{"index":"index","follow":"follow","max-snippet":"max-snippet:-1","max-image-preview":"max-image-preview:large","max-video-preview":"max-video-preview:-1"},"canonical":"https:\/\/the-7th-day.de\/blog\/produkt\/camera-obscura\/","og_locale":"de_DE","og_type":"article","og_title":"Camera Obscura - The 7th Day","og_description":"Langzeitbelichtung mit Stil: analoge Camera Obscura f\u00fcr Wand oder Tisch. Ideal f\u00fcr Praxen, Wohnr\u00e4ume, Schulen & kreative Langzeitprojekte.","og_url":"https:\/\/the-7th-day.de\/blog\/produkt\/camera-obscura\/","og_site_name":"The 7th Day","article_publisher":"https:\/\/www.facebook.com\/the7tday","article_modified_time":"2025-08-22T08:19:54+00:00","og_image":[{"width":800,"height":800,"url":"https:\/\/the-7th-day.de\/blog\/wp-content\/uploads\/2025\/08\/Framed-Camera-Obscura.webp","type":"image\/webp"}],"twitter_card":"summary_large_image","twitter_misc":{"Gesch\u00e4tzte Lesezeit":"3\u00a0Minuten"},"schema":{"@context":"https:\/\/schema.org","@graph":[{"@type":"WebPage","@id":"https:\/\/the-7th-day.de\/blog\/produkt\/camera-obscura\/","url":"https:\/\/the-7th-day.de\/blog\/produkt\/camera-obscura\/","name":"Camera Obscura - The 7th Day","isPartOf":{"@id":"https:\/\/the-7th-day.de\/blog\/#website"},"primaryImageOfPage":{"@id":"https:\/\/the-7th-day.de\/blog\/produkt\/camera-obscura\/#primaryimage"},"image":{"@id":"https:\/\/the-7th-day.de\/blog\/produkt\/camera-obscura\/#primaryimage"},"thumbnailUrl":"https:\/\/the-7th-day.de\/blog\/wp-content\/uploads\/2025\/08\/Framed-Camera-Obscura.webp","datePublished":"2025-08-02T21:12:32+00:00","dateModified":"2025-08-22T08:19:54+00:00","description":"Langzeitbelichtung mit Stil: analoge Camera Obscura f\u00fcr Wand oder Tisch. Ideal f\u00fcr Praxen, Wohnr\u00e4ume, Schulen & kreative Langzeitprojekte.","breadcrumb":{"@id":"https:\/\/the-7th-day.de\/blog\/produkt\/camera-obscura\/#breadcrumb"},"inLanguage":"de","potentialAction":[{"@type":"ReadAction","target":["https:\/\/the-7th-day.de\/blog\/produkt\/camera-obscura\/"]}]},{"@type":"ImageObject","inLanguage":"de","@id":"https:\/\/the-7th-day.de\/blog\/produkt\/camera-obscura\/#primaryimage","url":"https:\/\/the-7th-day.de\/blog\/wp-content\/uploads\/2025\/08\/Framed-Camera-Obscura.webp","contentUrl":"https:\/\/the-7th-day.de\/blog\/wp-content\/uploads\/2025\/08\/Framed-Camera-Obscura.webp","width":800,"height":800,"caption":"Framed Camera Obscura Bild frontal aufgenommen"},{"@type":"BreadcrumbList","@id":"https:\/\/the-7th-day.de\/blog\/produkt\/camera-obscura\/#breadcrumb","itemListElement":[{"@type":"ListItem","position":1,"name":"Front Page","item":"https:\/\/the-7th-day.de\/blog\/"},{"@type":"ListItem","position":2,"name":"Camera Obscura kaufen","item":"https:\/\/the-7th-day.de\/blog\/camera-obscura-kaufen\/"},{"@type":"ListItem","position":3,"name":"Camera Obscura"}]},{"@type":"WebSite","@id":"https:\/\/the-7th-day.de\/blog\/#website","url":"https:\/\/the-7th-day.de\/blog\/","name":"The 7th Day","description":"","publisher":{"@id":"https:\/\/the-7th-day.de\/blog\/#organization"},"potentialAction":[{"@type":"SearchAction","target":{"@type":"EntryPoint","urlTemplate":"https:\/\/the-7th-day.de\/blog\/?s={search_term_string}"},"query-input":{"@type":"PropertyValueSpecification","valueRequired":true,"valueName":"search_term_string"}}],"inLanguage":"de"},{"@type":"Organization","@id":"https:\/\/the-7th-day.de\/blog\/#organization","name":"The 7th Day","url":"https:\/\/the-7th-day.de\/blog\/","logo":{"@type":"ImageObject","inLanguage":"de","@id":"https:\/\/the-7th-day.de\/blog\/#\/schema\/logo\/image\/","url":"https:\/\/the-7th-day.de\/blog\/wp-content\/uploads\/2025\/07\/7th-Day-logo-scaled.webp","contentUrl":"https:\/\/the-7th-day.de\/blog\/wp-content\/uploads\/2025\/07\/7th-Day-logo-scaled.webp","width":2048,"height":506,"caption":"The 7th Day"},"image":{"@id":"https:\/\/the-7th-day.de\/blog\/#\/schema\/logo\/image\/"},"sameAs":["https:\/\/www.facebook.com\/the7tday","https:\/\/www.instagram.com\/the7thday\/","https:\/\/de.pinterest.com\/the7thdayGE\/"]}]}},"_links":{"self":[{"href":"https:\/\/the-7th-day.de\/blog\/wp-json\/wp\/v2\/product\/3471","targetHints":{"allow":["GET"]}}],"collection":[{"href":"https:\/\/the-7th-day.de\/blog\/wp-json\/wp\/v2\/product"}],"about":[{"href":"https:\/\/the-7th-day.de\/blog\/wp-json\/wp\/v2\/types\/product"}],"wp:featuredmedia":[{"embeddable":true,"href":"https:\/\/the-7th-day.de\/blog\/wp-json\/wp\/v2\/media\/3396"}],"wp:attachment":[{"href":"https:\/\/the-7th-day.de\/blog\/wp-json\/wp\/v2\/media?parent=3471"}],"wp:term":[{"taxonomy":"product_brand","embeddable":true,"href":"https:\/\/the-7th-day.de\/blog\/wp-json\/wp\/v2\/product_brand?post=3471"},{"taxonomy":"product_cat","embeddable":true,"href":"https:\/\/the-7th-day.de\/blog\/wp-json\/wp\/v2\/product_cat?post=3471"},{"taxonomy":"product_tag","embeddable":true,"href":"https:\/\/the-7th-day.de\/blog\/wp-json\/wp\/v2\/product_tag?post=3471"}],"curies":[{"name":"wp","href":"https:\/\/api.w.org\/{rel}","templated":true}]}}