{"id":279,"date":"2017-06-28T09:21:31","date_gmt":"2017-06-28T07:21:31","guid":{"rendered":"https:\/\/the-7th-day.de\/?post_type=product&#038;p=279"},"modified":"2025-08-22T10:22:14","modified_gmt":"2025-08-22T08:22:14","slug":"lochkamera-teilnahmeset","status":"publish","type":"product","link":"https:\/\/the-7th-day.de\/blog\/produkt\/lochkamera-teilnahmeset\/","title":{"rendered":"Lochkamera Teilnahmeset"},"content":{"rendered":"<h1 data-start=\"276\" data-end=\"360\">Lochkamera Teilnahmeset \u2013 deine eigene Camera Obscura<\/h1>\n<p data-start=\"297\" data-end=\"595\">Mit dem Teilnahmeset erh\u00e4ltst du alles, was du brauchst, um am Kunstprojekt <strong data-start=\"389\" data-end=\"404\">The 7th Day<\/strong> teilzunehmen.<br data-start=\"418\" data-end=\"421\" \/>Die mitgelieferte <strong data-start=\"439\" data-end=\"470\">Lochkamera (Camera Obscura)<\/strong> ist bereits mit einem Fotopapier geladen und bereit f\u00fcr eine <strong data-start=\"526\" data-end=\"548\">Langzeitbelichtung<\/strong> von mehreren Tagen, Wochen oder sogar Monaten.<\/p>\n<hr data-start=\"597\" data-end=\"600\" \/>\n<p data-start=\"602\" data-end=\"613\"><strong data-start=\"602\" data-end=\"613\">Inhalt:<\/strong><\/p>\n<ul data-start=\"615\" data-end=\"930\">\n<li data-start=\"615\" data-end=\"681\">\n<p data-start=\"617\" data-end=\"681\">1 \u00d7 <strong data-start=\"621\" data-end=\"635\">Lochkamera<\/strong> (geladen mit lichtempfindlichem Fotopapier)<\/p>\n<\/li>\n<li data-start=\"682\" data-end=\"743\">\n<p data-start=\"684\" data-end=\"743\">Ausf\u00fchrliche <strong data-start=\"697\" data-end=\"710\">Anleitung<\/strong> zur Platzierung und Belichtung<\/p>\n<\/li>\n<li data-start=\"744\" data-end=\"815\">\n<p data-start=\"746\" data-end=\"815\">Adressierter <strong data-start=\"759\" data-end=\"775\">R\u00fcckumschlag<\/strong> zum Einsenden des belichteten Papiers<\/p>\n<\/li>\n<li data-start=\"816\" data-end=\"870\">\n<p data-start=\"818\" data-end=\"870\"><strong data-start=\"818\" data-end=\"854\">Scannen und digitale Bearbeitung<\/strong> deines Bildes<\/p>\n<\/li>\n<li data-start=\"871\" data-end=\"930\">\n<p data-start=\"873\" data-end=\"930\"><strong data-start=\"873\" data-end=\"885\">Passwort<\/strong> zum Zugriff auf das digitale Projektarchiv<\/p>\n<\/li>\n<\/ul>\n<hr data-start=\"1015\" data-end=\"1018\" \/>\n<h2 data-start=\"150\" data-end=\"212\"><span style=\"font-size: 80%;\">Lochkamera Teilnahmeset \u2013 Einstieg in das analoge Kunstprojekt<\/span><\/h2>\n<p data-start=\"362\" data-end=\"916\">Mit dem Lochkamera-Teilnahmeset erh\u00e4ltst du alles, was du brauchst, um am internationalen Kunstprojekt <strong>The 7th Day <\/strong>teilzunehmen. Im Zentrum steht eine einfache, analoge <strong data-start=\"533\" data-end=\"551\">Camera Obscura<\/strong>, auch bekannt als <strong data-start=\"570\" data-end=\"584\">Lochkamera<\/strong>. Sie funktioniert ganz ohne Strom, Linse oder Elektronik \u2013 lediglich durch ein kleines Loch und die Wirkung des Lichts. Das Prinzip basiert auf den fr\u00fchesten Formen der Fotografie und kn\u00fcpft an Experimente mit Licht und Zeit an \u2013 wie sie bereits <strong>Joseph Nic\u00e9phore Ni\u00e9pce<\/strong> mit seiner <strong>Heliografie<\/strong> und der ersten Fotografie der Welt durchf\u00fchrte.<\/p>\n<p data-start=\"918\" data-end=\"1350\">Die mitgelieferte <strong data-start=\"936\" data-end=\"950\">Lochkamera<\/strong> ist bereits mit lichtempfindlichem <strong data-start=\"986\" data-end=\"1000\">Fotopapier<\/strong> geladen. Du kannst sie sofort an einem Ort deiner Wahl platzieren \u2013 drau\u00dfen, drinnen, f\u00fcr wenige Tage oder mehrere Monate. Die Kamera eignet sich ideal f\u00fcr <strong data-start=\"1157\" data-end=\"1179\">Langzeitbelichtung<\/strong>, oder auch bekannt als <strong data-start=\"1198\" data-end=\"1214\">Solargraphie<\/strong>. Je nach Belichtungsdauer und Lichtverh\u00e4ltnissen entstehen einzigartige Aufnahmen, die von Sonnenverl\u00e4ufen und Zeitspuren gepr\u00e4gt sind.<\/p>\n<p data-start=\"1352\" data-end=\"1704\">Das Set enth\u00e4lt au\u00dferdem eine Anleitung, einen adressierten R\u00fcckumschlag und ein Passwort zum digitalen Archiv. Nachdem du die Kamera zur\u00fcckgeschickt hast, wird dein belichtetes Negativ von uns gescannt, bearbeitet und digital archiviert. So entsteht dein ganz pers\u00f6nlicher Beitrag zu einem weltweit wachsenden Kunstprojekt mit bisher 12.000 Teilnehmern.<\/p>\n<h2 data-start=\"1849\" data-end=\"1895\"><span style=\"font-size: 80%;\">F\u00fcr alle geeignet, auch ganz ohne Vorkenntnisse<\/span><\/h2>\n<p data-start=\"1706\" data-end=\"1974\">Das Teilnahmeset eignet sich besonders gut f\u00fcr den Einstieg in die <strong data-start=\"1773\" data-end=\"1795\">analoge Fotografie<\/strong>, f\u00fcr kreative <strong data-start=\"1810\" data-end=\"1839\">Kunstprojekte mit Kindern<\/strong>, Schulklassen oder einfach als entschleunigendes Gegenst\u00fcck zur heutigen Smartphone Bilderflut. Es sind keinerlei Vorkenntnisse n\u00f6tig.<\/p>\n<hr data-start=\"932\" data-end=\"935\" \/>\n<p data-start=\"1706\" data-end=\"1974\"><strong data-start=\"940\" data-end=\"970\">Weitere Infos zum Projekt:<\/strong><br data-start=\"970\" data-end=\"973\" \/><a class=\"\" href=\"https:\/\/the-7th-day.de\/blog\/anleitung\/\" target=\"_new\" rel=\"noopener\" data-start=\"973\" data-end=\"1013\">The 7th Day<\/a><\/p>\n<hr data-start=\"1015\" data-end=\"1018\" \/>\n<p data-start=\"1020\" data-end=\"1164\"><strong data-start=\"1020\" data-end=\"1030\">Preis:<\/strong><br \/>\n\u20ac20,00 zzgl. Versandkosten<\/p>\n<p>Lieferung per DHL innerhalb von 2\u20135 Werktagen.<br \/>\nRechnung liegt bei. Kein Mehrwertsteuerausweis gem\u00e4\u00df \u00a7\u202f19 UStG (Kleinunternehmerregelung).<\/p>\n","protected":false},"excerpt":{"rendered":"<p data-start=\"489\" data-end=\"779\">Das Teilnahmeset enth\u00e4lt eine vorinstallierte Lochkamera (Camera Obscura), Fotopapier, Anleitung, R\u00fcckumschlag und Archivzugang. Ideal f\u00fcr deinen Einstieg in das Projekt <strong>The 7th Day<\/strong> \u2013 ganz ohne Vorkenntnisse. Belichte dein erstes eigenes Langzeitbild und werde Teil eines weltweiten Archivs.<\/p>\n","protected":false},"featured_media":3481,"template":"","meta":[],"product_brand":[],"product_cat":[],"product_tag":[],"class_list":{"0":"post-279","1":"product","2":"type-product","3":"status-publish","4":"has-post-thumbnail","6":"product_shipping_class-paket","8":"first","9":"instock","10":"featured","11":"shipping-taxable","12":"purchasable","13":"product-type-simple"},"yoast_head":"<!-- This site is optimized with the Yoast SEO plugin v25.7 - https:\/\/yoast.com\/wordpress\/plugins\/seo\/ -->\n<title>Lochkamera Teilnahmeset - The 7th Day<\/title>\n<meta name=\"description\" content=\"Lochkamera Teilnahmeset mit einer Camera Obscura, Fotopapier, Anleitung, Scanservice, Negativentwicklung &amp; Archivzugang. Ideal f\u00fcr dein erstes Langzeitbild.\" \/>\n<meta name=\"robots\" content=\"index, follow, max-snippet:-1, max-image-preview:large, max-video-preview:-1\" \/>\n<link rel=\"canonical\" href=\"https:\/\/the-7th-day.de\/blog\/produkt\/lochkamera-teilnahmeset\/\" \/>\n<meta property=\"og:locale\" content=\"de_DE\" \/>\n<meta property=\"og:type\" content=\"article\" \/>\n<meta property=\"og:title\" content=\"Lochkamera Teilnahmeset - The 7th Day\" \/>\n<meta property=\"og:description\" content=\"Lochkamera Teilnahmeset mit einer Camera Obscura, Fotopapier, Anleitung, Scanservice, Negativentwicklung &amp; Archivzugang. Ideal f\u00fcr dein erstes Langzeitbild.\" \/>\n<meta property=\"og:url\" content=\"https:\/\/the-7th-day.de\/blog\/produkt\/lochkamera-teilnahmeset\/\" \/>\n<meta property=\"og:site_name\" content=\"The 7th Day\" \/>\n<meta property=\"article:publisher\" content=\"https:\/\/www.facebook.com\/the7tday\" \/>\n<meta property=\"article:modified_time\" content=\"2025-08-22T08:22:14+00:00\" \/>\n<meta property=\"og:image\" content=\"https:\/\/the-7th-day.de\/blog\/wp-content\/uploads\/2025\/08\/teilnahmeset-innen-offen.webp\" \/>\n\t<meta property=\"og:image:width\" content=\"800\" \/>\n\t<meta property=\"og:image:height\" content=\"800\" \/>\n\t<meta property=\"og:image:type\" content=\"image\/webp\" \/>\n<meta name=\"twitter:card\" content=\"summary_large_image\" \/>\n<meta name=\"twitter:label1\" content=\"Gesch\u00e4tzte Lesezeit\" \/>\n\t<meta name=\"twitter:data1\" content=\"3\u00a0Minuten\" \/>\n<script type=\"application\/ld+json\" class=\"yoast-schema-graph\">{\"@context\":\"https:\/\/schema.org\",\"@graph\":[{\"@type\":\"WebPage\",\"@id\":\"https:\/\/the-7th-day.de\/blog\/produkt\/lochkamera-teilnahmeset\/\",\"url\":\"https:\/\/the-7th-day.de\/blog\/produkt\/lochkamera-teilnahmeset\/\",\"name\":\"Lochkamera Teilnahmeset - The 7th Day\",\"isPartOf\":{\"@id\":\"https:\/\/the-7th-day.de\/blog\/#website\"},\"primaryImageOfPage\":{\"@id\":\"https:\/\/the-7th-day.de\/blog\/produkt\/lochkamera-teilnahmeset\/#primaryimage\"},\"image\":{\"@id\":\"https:\/\/the-7th-day.de\/blog\/produkt\/lochkamera-teilnahmeset\/#primaryimage\"},\"thumbnailUrl\":\"https:\/\/the-7th-day.de\/blog\/wp-content\/uploads\/2025\/08\/teilnahmeset-innen-offen.webp\",\"datePublished\":\"2017-06-28T07:21:31+00:00\",\"dateModified\":\"2025-08-22T08:22:14+00:00\",\"description\":\"Lochkamera Teilnahmeset mit einer Camera Obscura, Fotopapier, Anleitung, Scanservice, Negativentwicklung & Archivzugang. Ideal f\u00fcr dein erstes Langzeitbild.\",\"breadcrumb\":{\"@id\":\"https:\/\/the-7th-day.de\/blog\/produkt\/lochkamera-teilnahmeset\/#breadcrumb\"},\"inLanguage\":\"de\",\"potentialAction\":[{\"@type\":\"ReadAction\",\"target\":[\"https:\/\/the-7th-day.de\/blog\/produkt\/lochkamera-teilnahmeset\/\"]}]},{\"@type\":\"ImageObject\",\"inLanguage\":\"de\",\"@id\":\"https:\/\/the-7th-day.de\/blog\/produkt\/lochkamera-teilnahmeset\/#primaryimage\",\"url\":\"https:\/\/the-7th-day.de\/blog\/wp-content\/uploads\/2025\/08\/teilnahmeset-innen-offen.webp\",\"contentUrl\":\"https:\/\/the-7th-day.de\/blog\/wp-content\/uploads\/2025\/08\/teilnahmeset-innen-offen.webp\",\"width\":800,\"height\":800,\"caption\":\"Auf dem Bild sieht man ein offenes Teilnahmeset\"},{\"@type\":\"BreadcrumbList\",\"@id\":\"https:\/\/the-7th-day.de\/blog\/produkt\/lochkamera-teilnahmeset\/#breadcrumb\",\"itemListElement\":[{\"@type\":\"ListItem\",\"position\":1,\"name\":\"Front Page\",\"item\":\"https:\/\/the-7th-day.de\/blog\/\"},{\"@type\":\"ListItem\",\"position\":2,\"name\":\"Camera Obscura kaufen\",\"item\":\"https:\/\/the-7th-day.de\/blog\/camera-obscura-kaufen\/\"},{\"@type\":\"ListItem\",\"position\":3,\"name\":\"Lochkamera Teilnahmeset\"}]},{\"@type\":\"WebSite\",\"@id\":\"https:\/\/the-7th-day.de\/blog\/#website\",\"url\":\"https:\/\/the-7th-day.de\/blog\/\",\"name\":\"The 7th Day\",\"description\":\"\",\"publisher\":{\"@id\":\"https:\/\/the-7th-day.de\/blog\/#organization\"},\"potentialAction\":[{\"@type\":\"SearchAction\",\"target\":{\"@type\":\"EntryPoint\",\"urlTemplate\":\"https:\/\/the-7th-day.de\/blog\/?s={search_term_string}\"},\"query-input\":{\"@type\":\"PropertyValueSpecification\",\"valueRequired\":true,\"valueName\":\"search_term_string\"}}],\"inLanguage\":\"de\"},{\"@type\":\"Organization\",\"@id\":\"https:\/\/the-7th-day.de\/blog\/#organization\",\"name\":\"The 7th Day\",\"url\":\"https:\/\/the-7th-day.de\/blog\/\",\"logo\":{\"@type\":\"ImageObject\",\"inLanguage\":\"de\",\"@id\":\"https:\/\/the-7th-day.de\/blog\/#\/schema\/logo\/image\/\",\"url\":\"https:\/\/the-7th-day.de\/blog\/wp-content\/uploads\/2025\/07\/7th-Day-logo-scaled.webp\",\"contentUrl\":\"https:\/\/the-7th-day.de\/blog\/wp-content\/uploads\/2025\/07\/7th-Day-logo-scaled.webp\",\"width\":2048,\"height\":506,\"caption\":\"The 7th Day\"},\"image\":{\"@id\":\"https:\/\/the-7th-day.de\/blog\/#\/schema\/logo\/image\/\"},\"sameAs\":[\"https:\/\/www.facebook.com\/the7tday\",\"https:\/\/www.instagram.com\/the7thday\/\",\"https:\/\/de.pinterest.com\/the7thdayGE\/\"]}]}<\/script>\n<!-- \/ Yoast SEO plugin. -->","yoast_head_json":{"title":"Lochkamera Teilnahmeset - The 7th Day","description":"Lochkamera Teilnahmeset mit einer Camera Obscura, Fotopapier, Anleitung, Scanservice, Negativentwicklung & Archivzugang. Ideal f\u00fcr dein erstes Langzeitbild.","robots":{"index":"index","follow":"follow","max-snippet":"max-snippet:-1","max-image-preview":"max-image-preview:large","max-video-preview":"max-video-preview:-1"},"canonical":"https:\/\/the-7th-day.de\/blog\/produkt\/lochkamera-teilnahmeset\/","og_locale":"de_DE","og_type":"article","og_title":"Lochkamera Teilnahmeset - The 7th Day","og_description":"Lochkamera Teilnahmeset mit einer Camera Obscura, Fotopapier, Anleitung, Scanservice, Negativentwicklung & Archivzugang. Ideal f\u00fcr dein erstes Langzeitbild.","og_url":"https:\/\/the-7th-day.de\/blog\/produkt\/lochkamera-teilnahmeset\/","og_site_name":"The 7th Day","article_publisher":"https:\/\/www.facebook.com\/the7tday","article_modified_time":"2025-08-22T08:22:14+00:00","og_image":[{"width":800,"height":800,"url":"https:\/\/the-7th-day.de\/blog\/wp-content\/uploads\/2025\/08\/teilnahmeset-innen-offen.webp","type":"image\/webp"}],"twitter_card":"summary_large_image","twitter_misc":{"Gesch\u00e4tzte Lesezeit":"3\u00a0Minuten"},"schema":{"@context":"https:\/\/schema.org","@graph":[{"@type":"WebPage","@id":"https:\/\/the-7th-day.de\/blog\/produkt\/lochkamera-teilnahmeset\/","url":"https:\/\/the-7th-day.de\/blog\/produkt\/lochkamera-teilnahmeset\/","name":"Lochkamera Teilnahmeset - The 7th Day","isPartOf":{"@id":"https:\/\/the-7th-day.de\/blog\/#website"},"primaryImageOfPage":{"@id":"https:\/\/the-7th-day.de\/blog\/produkt\/lochkamera-teilnahmeset\/#primaryimage"},"image":{"@id":"https:\/\/the-7th-day.de\/blog\/produkt\/lochkamera-teilnahmeset\/#primaryimage"},"thumbnailUrl":"https:\/\/the-7th-day.de\/blog\/wp-content\/uploads\/2025\/08\/teilnahmeset-innen-offen.webp","datePublished":"2017-06-28T07:21:31+00:00","dateModified":"2025-08-22T08:22:14+00:00","description":"Lochkamera Teilnahmeset mit einer Camera Obscura, Fotopapier, Anleitung, Scanservice, Negativentwicklung & Archivzugang. Ideal f\u00fcr dein erstes Langzeitbild.","breadcrumb":{"@id":"https:\/\/the-7th-day.de\/blog\/produkt\/lochkamera-teilnahmeset\/#breadcrumb"},"inLanguage":"de","potentialAction":[{"@type":"ReadAction","target":["https:\/\/the-7th-day.de\/blog\/produkt\/lochkamera-teilnahmeset\/"]}]},{"@type":"ImageObject","inLanguage":"de","@id":"https:\/\/the-7th-day.de\/blog\/produkt\/lochkamera-teilnahmeset\/#primaryimage","url":"https:\/\/the-7th-day.de\/blog\/wp-content\/uploads\/2025\/08\/teilnahmeset-innen-offen.webp","contentUrl":"https:\/\/the-7th-day.de\/blog\/wp-content\/uploads\/2025\/08\/teilnahmeset-innen-offen.webp","width":800,"height":800,"caption":"Auf dem Bild sieht man ein offenes Teilnahmeset"},{"@type":"BreadcrumbList","@id":"https:\/\/the-7th-day.de\/blog\/produkt\/lochkamera-teilnahmeset\/#breadcrumb","itemListElement":[{"@type":"ListItem","position":1,"name":"Front Page","item":"https:\/\/the-7th-day.de\/blog\/"},{"@type":"ListItem","position":2,"name":"Camera Obscura kaufen","item":"https:\/\/the-7th-day.de\/blog\/camera-obscura-kaufen\/"},{"@type":"ListItem","position":3,"name":"Lochkamera Teilnahmeset"}]},{"@type":"WebSite","@id":"https:\/\/the-7th-day.de\/blog\/#website","url":"https:\/\/the-7th-day.de\/blog\/","name":"The 7th Day","description":"","publisher":{"@id":"https:\/\/the-7th-day.de\/blog\/#organization"},"potentialAction":[{"@type":"SearchAction","target":{"@type":"EntryPoint","urlTemplate":"https:\/\/the-7th-day.de\/blog\/?s={search_term_string}"},"query-input":{"@type":"PropertyValueSpecification","valueRequired":true,"valueName":"search_term_string"}}],"inLanguage":"de"},{"@type":"Organization","@id":"https:\/\/the-7th-day.de\/blog\/#organization","name":"The 7th Day","url":"https:\/\/the-7th-day.de\/blog\/","logo":{"@type":"ImageObject","inLanguage":"de","@id":"https:\/\/the-7th-day.de\/blog\/#\/schema\/logo\/image\/","url":"https:\/\/the-7th-day.de\/blog\/wp-content\/uploads\/2025\/07\/7th-Day-logo-scaled.webp","contentUrl":"https:\/\/the-7th-day.de\/blog\/wp-content\/uploads\/2025\/07\/7th-Day-logo-scaled.webp","width":2048,"height":506,"caption":"The 7th Day"},"image":{"@id":"https:\/\/the-7th-day.de\/blog\/#\/schema\/logo\/image\/"},"sameAs":["https:\/\/www.facebook.com\/the7tday","https:\/\/www.instagram.com\/the7thday\/","https:\/\/de.pinterest.com\/the7thdayGE\/"]}]}},"_links":{"self":[{"href":"https:\/\/the-7th-day.de\/blog\/wp-json\/wp\/v2\/product\/279","targetHints":{"allow":["GET"]}}],"collection":[{"href":"https:\/\/the-7th-day.de\/blog\/wp-json\/wp\/v2\/product"}],"about":[{"href":"https:\/\/the-7th-day.de\/blog\/wp-json\/wp\/v2\/types\/product"}],"wp:featuredmedia":[{"embeddable":true,"href":"https:\/\/the-7th-day.de\/blog\/wp-json\/wp\/v2\/media\/3481"}],"wp:attachment":[{"href":"https:\/\/the-7th-day.de\/blog\/wp-json\/wp\/v2\/media?parent=279"}],"wp:term":[{"taxonomy":"product_brand","embeddable":true,"href":"https:\/\/the-7th-day.de\/blog\/wp-json\/wp\/v2\/product_brand?post=279"},{"taxonomy":"product_cat","embeddable":true,"href":"https:\/\/the-7th-day.de\/blog\/wp-json\/wp\/v2\/product_cat?post=279"},{"taxonomy":"product_tag","embeddable":true,"href":"https:\/\/the-7th-day.de\/blog\/wp-json\/wp\/v2\/product_tag?post=279"}],"curies":[{"name":"wp","href":"https:\/\/api.w.org\/{rel}","templated":true}]}}