{"id":3499,"date":"2025-08-03T09:41:24","date_gmt":"2025-08-03T07:41:24","guid":{"rendered":"https:\/\/the-7th-day.de\/blog\/?page_id=3499"},"modified":"2025-08-25T20:00:58","modified_gmt":"2025-08-25T18:00:58","slug":"ueber-uns","status":"publish","type":"page","link":"https:\/\/the-7th-day.de\/blog\/ueber-uns\/","title":{"rendered":"\u00dcber uns"},"content":{"rendered":"\n\n\t<section class=\"section\" id=\"section_327223656\">\n\t\t<div class=\"section-bg fill\" >\n\t\t\t\t\t\t\t\t\t\n\t\t\t\n\n\t\t<\/div>\n\n\t\t\n\n\t\t<div class=\"section-content relative\">\n\t\t\t\n\n<div class=\"row\"  id=\"row-1543850101\">\n\n\n\t<div id=\"col-1992851356\" class=\"col small-12 large-12\"  >\n\t\t\t\t<div class=\"col-inner\"  >\n\t\t\t\n\t\t\t\n\n<h1><span style=\"color: #000000;\">Vater und Sohn<\/span><\/h1>\n<h2><span style=\"font-size: 85%;\">Vereint durch die Liebe zur analogen Fotografie<\/span><\/h2>\n<p><strong>The 7th Day<\/strong> wurde vor \u00fcber 15 Jahren von <strong>Przemek Zajfert<\/strong> ins Leben gerufen. Seine Vision war einfach und klar. Er wollte die Technik der <strong>Lochkamera<\/strong> f\u00fcr alle zug\u00e4nglich machen &#8211; ohne komplizierte Technik, ohne fotografisches Vorwissen, ohne Linsen oder einer Belichtungsmessung.<br \/>Stattdessen: eine alte, recycelte Filmdose, ein winziges Loch, ein St\u00fcck lichtempfindliches Fotopapier. Und pl\u00f6tzlich kann jeder Mensch, unabh\u00e4ngig von Alter oder Erfahrung, ein eigenes analoges Bild erschaffen. Ein Foto, das nicht in Sekunden entsteht, sondern \u00fcber viele Tage, Wochen oder sogar Jahre.<\/p>\n<p>Seit 2018 f\u00fchren<strong> Przemek<\/strong> und sein Sohn <strong>Patrick Zajfert<\/strong>\u00a0das Projekt gemeinsam weiter. Zwei Generationen, verbunden durch eine gemeinsame Leidenschaft: die analoge Fotografie, das langsame Sehen, das Spiel mit Licht und Zeit.<\/p>\n<p><strong>The 7th Day<\/strong> ist mittlerweile ein <strong>partizipatives Kunstprojekt<\/strong> mit \u00fcber 12.000 Teilnehmern. Und es w\u00e4chst weiter \u2013 Kamera f\u00fcr Kamera, Bild f\u00fcr Bild.<\/p>\n<p>Wir danken allen Teilnehmern, die es m\u00f6glich machen, dieses Projekt Jahr f\u00fcr Jahr weiterzuf\u00fchren.<\/p>\n<hr data-start=\"1545\" data-end=\"1548\" \/>\n<p>\u00a0<\/p>\n\n\t\t<\/div>\n\t\t\t\t\n<style>\n#col-1992851356 > .col-inner {\n  margin: 0px 0px -8% 0px;\n}\n<\/style>\n\t<\/div>\n\n\t\n\n\t<div id=\"col-202339167\" class=\"col hide-for-medium medium-2 small-12 large-2\"  >\n\t\t\t\t<div class=\"col-inner\"  >\n\t\t\t\n\t\t\t\n\n\n\t\t<\/div>\n\t\t\t\t\t<\/div>\n\n\t\n\n\t<div id=\"col-1177202905\" class=\"col medium-8 small-12 large-8\"  >\n\t\t\t\t<div class=\"col-inner\"  >\n\t\t\t\n\t\t\t\n\n<h3>TEDx und The 7th Day<\/h3>\n<div class=\"video video-fit mb\" style=\"padding-top:56.25%;\"><iframe loading=\"lazy\" title=\"Der 7. Tag: Silber, Lavendel, Asphalt, Sonne und Zeit | Przemek Zajfert | TEDxStuttgart\" width=\"1020\" height=\"574\" src=\"https:\/\/www.youtube.com\/embed\/wVFtBm-wPO0?feature=oembed\" frameborder=\"0\" allow=\"accelerometer; autoplay; clipboard-write; encrypted-media; gyroscope; picture-in-picture; web-share\" referrerpolicy=\"strict-origin-when-cross-origin\" allowfullscreen><\/iframe><\/div>\n\n\n\t\t<\/div>\n\t\t\t\t\t<\/div>\n\n\t\n\n\t<div id=\"col-1465394857\" class=\"col hide-for-medium medium-2 small-12 large-2\"  >\n\t\t\t\t<div class=\"col-inner\"  >\n\t\t\t\n\t\t\t\n\n\n\t\t<\/div>\n\t\t\t\t\t<\/div>\n\n\t\n\n\t<div id=\"col-755550988\" class=\"col medium-6 small-12 large-6\"  >\n\t\t\t\t<div class=\"col-inner\"  >\n\t\t\t\n\t\t\t\n\n<h2 data-start=\"1550\" data-end=\"1571\"><span style=\"font-size: 80%;\">Przemek Zajfert<\/span><\/h2>\n<p>Seine fotografische Reise begann in einem kleinen Fotoclub in Polen. 1981 wurde Przemek zum Milit\u00e4rdienst eingezogen und arbeitete dort als Regimentsfotograf. Die wachsende politische Unterdr\u00fcckung im kommunistischen Polen bewegte ihn zur Flucht. Seit 1985 lebt und arbeitet er als freischaffender Licht- und Fotok\u00fcnstler in Stuttgart.<\/p>\n<p>\u00dcber zwei Jahrzehnte reiste Przemek mit seiner mobilen Dunkelkammer \u2013 einer gro\u00dfen schwarzen Box \u2013 und den einfachsten Lochkameras durch die Welt. Diese Camera Obscura diente ihm als Galerie, Atelier und gelegentlich sogar als Schlafplatz. Die Bilder, die auf diesen Reisen entstanden, sind Ausdruck seiner k\u00fcnstlerischen Auseinandersetzung mit Themen wie Zeit, Verg\u00e4nglichkeit und Stille.<\/p>\n<p><span style=\"color: #00aae7;\"><a class=\"\" style=\"color: #00aae7;\" href=\"https:\/\/zajfert.de\/\" target=\"_new\" rel=\"noopener\" data-start=\"1369\" data-end=\"1422\">Webseite von Przemek Zajfert<\/a><\/span><br data-start=\"1422\" data-end=\"1425\" \/><span style=\"color: #00aae7;\"><a class=\"\" style=\"color: #00aae7;\" href=\"http:\/\/www.camera-obscura-1-inf.net\/index.html\" target=\"_new\" rel=\"noopener\" data-start=\"1425\" data-end=\"1543\">Camera Obscura 1-inf<\/a><\/span><\/p>\n\n\t\t<\/div>\n\t\t\t\t\t<\/div>\n\n\t\n\n\t<div id=\"col-601807083\" class=\"col medium-6 small-12 large-6\"  >\n\t\t\t\t<div class=\"col-inner\"  >\n\t\t\t\n\t\t\t\n\n<h2 data-start=\"1550\" data-end=\"1571\"><span style=\"font-size: 80%;\">Patrick Zajfert<\/span><\/h2>\n<p data-start=\"1572\" data-end=\"1969\">Patrick Zajfert wuchs mit Fotografie auf, zwischen Dunkelkammer, Kameraausr\u00fcstung und dem kreativen Alltag seines Vaters. Diese Umgebung pr\u00e4gte fr\u00fch seine Begeisterung f\u00fcr analoge Fotografie die er mit Przemek bis heute teilt. Nach seinem Studium der Fotografie an der Fachhochschule Dortmund entwickelte er seine eigene Bildsprache weiter.<\/p>\n<p data-start=\"1572\" data-end=\"1969\"><span style=\"color: #00aae7;\"><a style=\"color: #00aae7;\" href=\"https:\/\/patrickzajfert.de\/\">Webseite von Patrick<\/a><\/span><\/p>\n\n\t\t<\/div>\n\t\t\t\t\t<\/div>\n\n\t\n\n<\/div>\n<div class=\"row\"  id=\"row-569253795\">\n\n\n\t<div id=\"col-1952871729\" class=\"col hide-for-medium medium-2 small-12 large-2\"  >\n\t\t\t\t<div class=\"col-inner\"  >\n\t\t\t\n\t\t\t\n\n\n\t\t<\/div>\n\t\t\t\t\t<\/div>\n\n\t\n\n\t<div id=\"col-803497422\" class=\"col medium-8 small-12 large-8\"  >\n\t\t\t\t<div class=\"col-inner\"  >\n\t\t\t\n\t\t\t\n\n\t<div class=\"img has-hover x md-x lg-x y md-y lg-y\" id=\"image_1033619876\">\n\t\t\t\t\t\t\t\t<div class=\"img-inner dark\" >\n\t\t\t<img loading=\"lazy\" decoding=\"async\" width=\"1020\" height=\"680\" src=\"https:\/\/the-7th-day.de\/blog\/wp-content\/uploads\/2025\/08\/patrick-und-przemek-zajfert-camera-obscura-muenchen.webp\" class=\"attachment-large size-large\" alt=\"Przemek und Patrick Zajfert auf einem Bild.\" srcset=\"https:\/\/the-7th-day.de\/blog\/wp-content\/uploads\/2025\/08\/patrick-und-przemek-zajfert-camera-obscura-muenchen.webp 1080w, https:\/\/the-7th-day.de\/blog\/wp-content\/uploads\/2025\/08\/patrick-und-przemek-zajfert-camera-obscura-muenchen-300x200.webp 300w, https:\/\/the-7th-day.de\/blog\/wp-content\/uploads\/2025\/08\/patrick-und-przemek-zajfert-camera-obscura-muenchen-768x512.webp 768w, https:\/\/the-7th-day.de\/blog\/wp-content\/uploads\/2025\/08\/patrick-und-przemek-zajfert-camera-obscura-muenchen-510x340.webp 510w\" sizes=\"auto, (max-width: 1020px) 100vw, 1020px\" \/>\t\t\t\t\t\t\n\t\t\t\t\t<\/div>\n\t\t\t\t\t\t\t\t\n<style>\n#image_1033619876 {\n  width: 100%;\n}\n<\/style>\n\t<\/div>\n\t\n\n\n\t\t<\/div>\n\t\t\t\t\t<\/div>\n\n\t\n\n\t<div id=\"col-1509962910\" class=\"col hide-for-medium medium-2 small-12 large-2\"  >\n\t\t\t\t<div class=\"col-inner\"  >\n\t\t\t\n\t\t\t\n\n\n\t\t<\/div>\n\t\t\t\t\t<\/div>\n\n\t\n\n<\/div>\n\n\t\t<\/div>\n\n\t\t\n<style>\n#section_327223656 {\n  padding-top: 30px;\n  padding-bottom: 30px;\n}\n<\/style>\n\t<\/section>\n\t\n\n","protected":false},"excerpt":{"rendered":"","protected":false},"author":1,"featured_media":0,"parent":0,"menu_order":0,"comment_status":"closed","ping_status":"closed","template":"","meta":{"footnotes":""},"class_list":["post-3499","page","type-page","status-publish","hentry"],"yoast_head":"<!-- This site is optimized with the Yoast SEO plugin v25.7 - https:\/\/yoast.com\/wordpress\/plugins\/seo\/ -->\n<title>\u00dcber uns - The 7th Day<\/title>\n<meta name=\"description\" content=\"Vater und Sohn, vereint durch analoge Fotografie \u2013 die Geschichte hinter dem partizipativen Kunstprojekt The 7th Day und seiner Gr\u00fcnder.\" \/>\n<meta name=\"robots\" content=\"index, follow, max-snippet:-1, max-image-preview:large, max-video-preview:-1\" \/>\n<link rel=\"canonical\" href=\"https:\/\/the-7th-day.de\/blog\/ueber-uns\/\" \/>\n<meta property=\"og:locale\" content=\"de_DE\" \/>\n<meta property=\"og:type\" content=\"article\" \/>\n<meta property=\"og:title\" content=\"\u00dcber uns - The 7th Day\" \/>\n<meta property=\"og:description\" content=\"Vater und Sohn, vereint durch analoge Fotografie \u2013 die Geschichte hinter dem partizipativen Kunstprojekt The 7th Day und seiner Gr\u00fcnder.\" \/>\n<meta property=\"og:url\" content=\"https:\/\/the-7th-day.de\/blog\/ueber-uns\/\" \/>\n<meta property=\"og:site_name\" content=\"The 7th Day\" \/>\n<meta property=\"article:publisher\" content=\"https:\/\/www.facebook.com\/the7tday\" \/>\n<meta property=\"article:modified_time\" content=\"2025-08-25T18:00:58+00:00\" \/>\n<meta name=\"twitter:card\" content=\"summary_large_image\" \/>\n<meta name=\"twitter:label1\" content=\"Gesch\u00e4tzte Lesezeit\" \/>\n\t<meta name=\"twitter:data1\" content=\"3\u00a0Minuten\" \/>\n<script type=\"application\/ld+json\" class=\"yoast-schema-graph\">{\"@context\":\"https:\/\/schema.org\",\"@graph\":[{\"@type\":\"WebPage\",\"@id\":\"https:\/\/the-7th-day.de\/blog\/ueber-uns\/\",\"url\":\"https:\/\/the-7th-day.de\/blog\/ueber-uns\/\",\"name\":\"\u00dcber uns - The 7th Day\",\"isPartOf\":{\"@id\":\"https:\/\/the-7th-day.de\/blog\/#website\"},\"datePublished\":\"2025-08-03T07:41:24+00:00\",\"dateModified\":\"2025-08-25T18:00:58+00:00\",\"description\":\"Vater und Sohn, vereint durch analoge Fotografie \u2013 die Geschichte hinter dem partizipativen Kunstprojekt The 7th Day und seiner Gr\u00fcnder.\",\"breadcrumb\":{\"@id\":\"https:\/\/the-7th-day.de\/blog\/ueber-uns\/#breadcrumb\"},\"inLanguage\":\"de\",\"potentialAction\":[{\"@type\":\"ReadAction\",\"target\":[\"https:\/\/the-7th-day.de\/blog\/ueber-uns\/\"]}]},{\"@type\":\"BreadcrumbList\",\"@id\":\"https:\/\/the-7th-day.de\/blog\/ueber-uns\/#breadcrumb\",\"itemListElement\":[{\"@type\":\"ListItem\",\"position\":1,\"name\":\"Front Page\",\"item\":\"https:\/\/the-7th-day.de\/blog\/\"},{\"@type\":\"ListItem\",\"position\":2,\"name\":\"\u00dcber uns\"}]},{\"@type\":\"WebSite\",\"@id\":\"https:\/\/the-7th-day.de\/blog\/#website\",\"url\":\"https:\/\/the-7th-day.de\/blog\/\",\"name\":\"The 7th Day\",\"description\":\"\",\"publisher\":{\"@id\":\"https:\/\/the-7th-day.de\/blog\/#organization\"},\"potentialAction\":[{\"@type\":\"SearchAction\",\"target\":{\"@type\":\"EntryPoint\",\"urlTemplate\":\"https:\/\/the-7th-day.de\/blog\/?s={search_term_string}\"},\"query-input\":{\"@type\":\"PropertyValueSpecification\",\"valueRequired\":true,\"valueName\":\"search_term_string\"}}],\"inLanguage\":\"de\"},{\"@type\":\"Organization\",\"@id\":\"https:\/\/the-7th-day.de\/blog\/#organization\",\"name\":\"The 7th Day\",\"url\":\"https:\/\/the-7th-day.de\/blog\/\",\"logo\":{\"@type\":\"ImageObject\",\"inLanguage\":\"de\",\"@id\":\"https:\/\/the-7th-day.de\/blog\/#\/schema\/logo\/image\/\",\"url\":\"https:\/\/the-7th-day.de\/blog\/wp-content\/uploads\/2025\/07\/7th-Day-logo-scaled.webp\",\"contentUrl\":\"https:\/\/the-7th-day.de\/blog\/wp-content\/uploads\/2025\/07\/7th-Day-logo-scaled.webp\",\"width\":2048,\"height\":506,\"caption\":\"The 7th Day\"},\"image\":{\"@id\":\"https:\/\/the-7th-day.de\/blog\/#\/schema\/logo\/image\/\"},\"sameAs\":[\"https:\/\/www.facebook.com\/the7tday\",\"https:\/\/www.instagram.com\/the7thday\/\",\"https:\/\/de.pinterest.com\/the7thdayGE\/\"]}]}<\/script>\n<!-- \/ Yoast SEO plugin. -->","yoast_head_json":{"title":"\u00dcber uns - The 7th Day","description":"Vater und Sohn, vereint durch analoge Fotografie \u2013 die Geschichte hinter dem partizipativen Kunstprojekt The 7th Day und seiner Gr\u00fcnder.","robots":{"index":"index","follow":"follow","max-snippet":"max-snippet:-1","max-image-preview":"max-image-preview:large","max-video-preview":"max-video-preview:-1"},"canonical":"https:\/\/the-7th-day.de\/blog\/ueber-uns\/","og_locale":"de_DE","og_type":"article","og_title":"\u00dcber uns - The 7th Day","og_description":"Vater und Sohn, vereint durch analoge Fotografie \u2013 die Geschichte hinter dem partizipativen Kunstprojekt The 7th Day und seiner Gr\u00fcnder.","og_url":"https:\/\/the-7th-day.de\/blog\/ueber-uns\/","og_site_name":"The 7th Day","article_publisher":"https:\/\/www.facebook.com\/the7tday","article_modified_time":"2025-08-25T18:00:58+00:00","twitter_card":"summary_large_image","twitter_misc":{"Gesch\u00e4tzte Lesezeit":"3\u00a0Minuten"},"schema":{"@context":"https:\/\/schema.org","@graph":[{"@type":"WebPage","@id":"https:\/\/the-7th-day.de\/blog\/ueber-uns\/","url":"https:\/\/the-7th-day.de\/blog\/ueber-uns\/","name":"\u00dcber uns - The 7th Day","isPartOf":{"@id":"https:\/\/the-7th-day.de\/blog\/#website"},"datePublished":"2025-08-03T07:41:24+00:00","dateModified":"2025-08-25T18:00:58+00:00","description":"Vater und Sohn, vereint durch analoge Fotografie \u2013 die Geschichte hinter dem partizipativen Kunstprojekt The 7th Day und seiner Gr\u00fcnder.","breadcrumb":{"@id":"https:\/\/the-7th-day.de\/blog\/ueber-uns\/#breadcrumb"},"inLanguage":"de","potentialAction":[{"@type":"ReadAction","target":["https:\/\/the-7th-day.de\/blog\/ueber-uns\/"]}]},{"@type":"BreadcrumbList","@id":"https:\/\/the-7th-day.de\/blog\/ueber-uns\/#breadcrumb","itemListElement":[{"@type":"ListItem","position":1,"name":"Front Page","item":"https:\/\/the-7th-day.de\/blog\/"},{"@type":"ListItem","position":2,"name":"\u00dcber uns"}]},{"@type":"WebSite","@id":"https:\/\/the-7th-day.de\/blog\/#website","url":"https:\/\/the-7th-day.de\/blog\/","name":"The 7th Day","description":"","publisher":{"@id":"https:\/\/the-7th-day.de\/blog\/#organization"},"potentialAction":[{"@type":"SearchAction","target":{"@type":"EntryPoint","urlTemplate":"https:\/\/the-7th-day.de\/blog\/?s={search_term_string}"},"query-input":{"@type":"PropertyValueSpecification","valueRequired":true,"valueName":"search_term_string"}}],"inLanguage":"de"},{"@type":"Organization","@id":"https:\/\/the-7th-day.de\/blog\/#organization","name":"The 7th Day","url":"https:\/\/the-7th-day.de\/blog\/","logo":{"@type":"ImageObject","inLanguage":"de","@id":"https:\/\/the-7th-day.de\/blog\/#\/schema\/logo\/image\/","url":"https:\/\/the-7th-day.de\/blog\/wp-content\/uploads\/2025\/07\/7th-Day-logo-scaled.webp","contentUrl":"https:\/\/the-7th-day.de\/blog\/wp-content\/uploads\/2025\/07\/7th-Day-logo-scaled.webp","width":2048,"height":506,"caption":"The 7th Day"},"image":{"@id":"https:\/\/the-7th-day.de\/blog\/#\/schema\/logo\/image\/"},"sameAs":["https:\/\/www.facebook.com\/the7tday","https:\/\/www.instagram.com\/the7thday\/","https:\/\/de.pinterest.com\/the7thdayGE\/"]}]}},"_links":{"self":[{"href":"https:\/\/the-7th-day.de\/blog\/wp-json\/wp\/v2\/pages\/3499","targetHints":{"allow":["GET"]}}],"collection":[{"href":"https:\/\/the-7th-day.de\/blog\/wp-json\/wp\/v2\/pages"}],"about":[{"href":"https:\/\/the-7th-day.de\/blog\/wp-json\/wp\/v2\/types\/page"}],"author":[{"embeddable":true,"href":"https:\/\/the-7th-day.de\/blog\/wp-json\/wp\/v2\/users\/1"}],"replies":[{"embeddable":true,"href":"https:\/\/the-7th-day.de\/blog\/wp-json\/wp\/v2\/comments?post=3499"}],"version-history":[{"count":13,"href":"https:\/\/the-7th-day.de\/blog\/wp-json\/wp\/v2\/pages\/3499\/revisions"}],"predecessor-version":[{"id":3809,"href":"https:\/\/the-7th-day.de\/blog\/wp-json\/wp\/v2\/pages\/3499\/revisions\/3809"}],"wp:attachment":[{"href":"https:\/\/the-7th-day.de\/blog\/wp-json\/wp\/v2\/media?parent=3499"}],"curies":[{"name":"wp","href":"https:\/\/api.w.org\/{rel}","templated":true}]}}