{"id":3310,"date":"2025-08-02T12:09:17","date_gmt":"2025-08-02T10:09:17","guid":{"rendered":"https:\/\/the-7th-day.de\/blog\/?page_id=3310"},"modified":"2025-08-25T20:16:57","modified_gmt":"2025-08-25T18:16:57","slug":"haeufig-gestellte-fragen","status":"publish","type":"page","link":"https:\/\/the-7th-day.de\/blog\/haeufig-gestellte-fragen\/","title":{"rendered":"H\u00e4ufig gestellte Fragen"},"content":{"rendered":"\n\n\t<section class=\"section\" id=\"section_79933253\">\n\t\t<div class=\"section-bg fill\" >\n\t\t\t\t\t\t\t\t\t\n\t\t\t\n\n\t\t<\/div>\n\n\t\t\n\n\t\t<div class=\"section-content relative\">\n\t\t\t\n\n<div class=\"row\"  id=\"row-980790057\">\n\n\n\t<div id=\"col-530809746\" class=\"col free-help-accordion small-12 large-12\"  >\n\t\t\t\t<div class=\"col-inner\"  >\n\t\t\t\n\t\t\t\n\n<div class=\"row align-center\"  id=\"row-2037383209\">\n\n\n\t<div id=\"col-865817150\" class=\"col medium-11 small-12 large-12\"  >\n\t\t\t\t<div class=\"col-inner text-center\"  >\n\t\t\t\n\t\t\t\n\n<div class=\"container section-title-container\" style=\"margin-bottom:15px;max-width:80%;\"><h3 class=\"section-title section-title-center\"><b><\/b><span class=\"section-title-main\" style=\"font-size:60%;\">FAQ's<\/span><b><\/b><\/h3><\/div>\n\n\t<div id=\"text-517398518\" class=\"text\">\n\t\t\n\n<h2>H\u00e4ufig gestellte Fragen<\/h2>\n\t\t\n<style>\n#text-517398518 {\n  color: rgb(81, 81, 81);\n}\n#text-517398518 > * {\n  color: rgb(81, 81, 81);\n}\n<\/style>\n\t<\/div>\n\t\n<div class=\"row\"  id=\"row-109208073\">\n\n\n\t<div id=\"col-490778755\" class=\"col small-12 large-12\"  >\n\t\t\t\t<div class=\"col-inner\"  >\n\t\t\t\n\t\t\t\n\n<div class=\"row row-collapse\"  id=\"row-657659140\">\n\n\n\t<div id=\"col-548962753\" class=\"col free-help-accordion medium-6 small-12 large-6\"  >\n\t\t\t\t<div class=\"col-inner\"  >\n\t\t\t\n\t\t\t\n\n<div class=\"accordion\">\n\n\t<div id=\"accordion-169760953\" class=\"accordion-item\">\n\t\t<a id=\"accordion-169760953-label\" class=\"accordion-title plain\" href=\"#accordion-item-wie-funktioniert-die-kamera?\" aria-expanded=\"false\" aria-controls=\"accordion-169760953-content\" >\n\t\t\t<button class=\"toggle\" aria-label=\"Umschalten\"><i class=\"icon-angle-down\"><\/i><\/button>\n\t\t\t<span>Wie funktioniert die Kamera?<\/span>\n\t\t<\/a>\n\t\t<div id=\"accordion-169760953-content\" class=\"accordion-inner\" aria-labelledby=\"accordion-169760953-label\" >\n\t\t\t\n\n\t<div id=\"text-3802704126\" class=\"text\">\n\t\t\n\n<p>Die Kamera ist eine einfache <strong>Lochkamera<\/strong>, oder <strong>Camera Obscura<\/strong>. Sie funktioniert ganz ohne Glaslinse oder Elektronik. Licht f\u00e4llt durch ein kleines Loch auf<strong> lichtempfindliches Fotopapier<\/strong>. Je l\u00e4nger die Belichtung, desto st\u00e4rker der <strong>Kontrast<\/strong> im Bild. So entsteht langsam ein Bild.<\/p>\n\t\t\n<style>\n#text-3802704126 {\n  text-align: left;\n}\n<\/style>\n\t<\/div>\n\t\n\n\t\t<\/div>\n\t<\/div>\n\t\n\t<div id=\"accordion-2764592515\" class=\"accordion-item\">\n\t\t<a id=\"accordion-2764592515-label\" class=\"accordion-title plain\" href=\"#accordion-item-woher-sind-die-bunten-linien-im-bild?\" aria-expanded=\"false\" aria-controls=\"accordion-2764592515-content\" >\n\t\t\t<button class=\"toggle\" aria-label=\"Umschalten\"><i class=\"icon-angle-down\"><\/i><\/button>\n\t\t\t<span>Woher sind die bunten Linien im Bild?<\/span>\n\t\t<\/a>\n\t\t<div id=\"accordion-2764592515-content\" class=\"accordion-inner\" aria-labelledby=\"accordion-2764592515-label\" >\n\t\t\t\n\n\t<div id=\"text-3110361299\" class=\"text\">\n\t\t\n\n<p>Die bunten Linien entstehen durch den Verlauf der Sonne w\u00e4hrend der Belichtungszeit \u2013 ein Effekt, der auch als <strong>Solargraphy<\/strong> bekannt ist. Dabei zeichnet sich die t\u00e4gliche Bahn der Sonne als Lichtspur direkt auf dem Fotopapier ab. Je nach Wetter, Tageszeit und Dauer der Belichtung erscheinen diese Linien durchgehend oder unterbrochen. Farbe und Intensit\u00e4t h\u00e4ngen vom verwendeten Fotopapier sowie den Lichtverh\u00e4ltnissen w\u00e4hrend der Aufnahme ab ab. So entstehen die typischen, oft farbintensiven Sonnenb\u00f6gen, die viele Bilder des Projekts pr\u00e4gen.<\/p>\n\t\t\n<style>\n#text-3110361299 {\n  text-align: left;\n}\n<\/style>\n\t<\/div>\n\t\n\n\t\t<\/div>\n\t<\/div>\n\t\n\t<div id=\"accordion-2891039343\" class=\"accordion-item\">\n\t\t<a id=\"accordion-2891039343-label\" class=\"accordion-title plain\" href=\"#accordion-item-muss-ich-fotograf-sein-um-teilzunehmen?\" aria-expanded=\"false\" aria-controls=\"accordion-2891039343-content\" >\n\t\t\t<button class=\"toggle\" aria-label=\"Umschalten\"><i class=\"icon-angle-down\"><\/i><\/button>\n\t\t\t<span>Muss ich Fotograf sein um teilzunehmen?<\/span>\n\t\t<\/a>\n\t\t<div id=\"accordion-2891039343-content\" class=\"accordion-inner\" aria-labelledby=\"accordion-2891039343-label\" >\n\t\t\t\n\n\t<div id=\"text-823318166\" class=\"text\">\n\t\t\n\n<p>Nein. Die Teilnahme ist auch <strong>ohne jede<\/strong> <strong>Vorkenntnis<\/strong> m\u00f6glich. Du brauchst kein technisches Wissen oder fotografische Erfahrung. Die Kamera wird einfach platziert und nach der Belichtung an uns zur\u00fcckgeschickt \u2013 alles Weitere \u00fcbernehmen wir. Gerade weil das so unkompliziert ist, l\u00e4sst sich das Projekt auch sehr gut <strong>gemeinsam mit Kindern<\/strong> umsetzen.<\/p>\n\t\t\n<style>\n#text-823318166 {\n  text-align: left;\n}\n<\/style>\n\t<\/div>\n\t\n\n\t\t<\/div>\n\t<\/div>\n\t\n\t<div id=\"accordion-364504882\" class=\"accordion-item\">\n\t\t<a id=\"accordion-364504882-label\" class=\"accordion-title plain\" href=\"#accordion-item-wie-lange-muss-die-kamera-belichten?\" aria-expanded=\"false\" aria-controls=\"accordion-364504882-content\" >\n\t\t\t<button class=\"toggle\" aria-label=\"Umschalten\"><i class=\"icon-angle-down\"><\/i><\/button>\n\t\t\t<span>Wie lange muss die Kamera belichten?<\/span>\n\t\t<\/a>\n\t\t<div id=\"accordion-364504882-content\" class=\"accordion-inner\" aria-labelledby=\"accordion-364504882-label\" >\n\t\t\t\n\n\t<div id=\"text-3704792944\" class=\"text\">\n\t\t\n\n<p>Im Sommer reichen <strong>7 Tage,<\/strong> im Winter etwa <strong>14 Tage<\/strong>. Innenr\u00e4ume erfordern oft mehrere Wochen Belichtungszeit. Eine \u00dcberbelichtung ist mit unserer Technik nicht m\u00f6glich. Je l\u00e4nger die Belichtung, desto mehr Licht wird eingefangen. Geduld lohnt sich.<\/p>\n\t\t\n<style>\n#text-3704792944 {\n  text-align: left;\n}\n<\/style>\n\t<\/div>\n\t\n\n\t\t<\/div>\n\t<\/div>\n\t\n\t<div id=\"accordion-2817038888\" class=\"accordion-item\">\n\t\t<a id=\"accordion-2817038888-label\" class=\"accordion-title plain\" href=\"#accordion-item-kann-ich-die-kamera-auch-in-innenr\u00e4umen-verwenden?\" aria-expanded=\"false\" aria-controls=\"accordion-2817038888-content\" >\n\t\t\t<button class=\"toggle\" aria-label=\"Umschalten\"><i class=\"icon-angle-down\"><\/i><\/button>\n\t\t\t<span>Kann ich die Kamera auch in Innenr\u00e4umen verwenden?<\/span>\n\t\t<\/a>\n\t\t<div id=\"accordion-2817038888-content\" class=\"accordion-inner\" aria-labelledby=\"accordion-2817038888-label\" >\n\t\t\t\n\n\t<div id=\"text-2096834332\" class=\"text\">\n\t\t\n\n<p>Ja, das ist m\u00f6glich. Die Belichtungszeit ist dort deutlich l\u00e4nger. Achte auf eine stabile Position der Kamera. Fensterpl\u00e4tze sind gut geeignet.<\/p>\n\t\t\n<style>\n#text-2096834332 {\n  text-align: left;\n}\n<\/style>\n\t<\/div>\n\t\n\n\t\t<\/div>\n\t<\/div>\n\t\n\t<div id=\"accordion-1692412341\" class=\"accordion-item\">\n\t\t<a id=\"accordion-1692412341-label\" class=\"accordion-title plain\" href=\"#accordion-item-was-passiert,-wenn-ich-den-klebestreifen-zu-fr\u00fch-abziehe?\" aria-expanded=\"false\" aria-controls=\"accordion-1692412341-content\" >\n\t\t\t<button class=\"toggle\" aria-label=\"Umschalten\"><i class=\"icon-angle-down\"><\/i><\/button>\n\t\t\t<span>Was passiert, wenn ich den Klebestreifen zu fr\u00fch abziehe?<\/span>\n\t\t<\/a>\n\t\t<div id=\"accordion-1692412341-content\" class=\"accordion-inner\" aria-labelledby=\"accordion-1692412341-label\" >\n\t\t\t\n\n\t<div id=\"text-2229085125\" class=\"text\">\n\t\t\n\n<p>Dann beginnt die Belichtung fr\u00fcher als geplant. In den meisten F\u00e4llen ist das kein Problem. Der Klebestreifen l\u00e4sst sich in der Regel wieder aufkleben. Manchmal f\u00e4llt er auch beim Transport ab. Auch das ist nicht schlimm, da die Verpackung, in der sich die Kamera befindet, <strong data-start=\"424\" data-end=\"446\" data-is-only-node=\"\">bedingt lichtdicht<\/strong> ist und das Fotopapier vor starker Belichtung sch\u00fctzt. Wichtig ist nur, die Kamera anschlie\u00dfend m\u00f6glichst lichtgesch\u00fctzt zu lagern, bis sie am gew\u00fcnschten Belichtungsort befestigt wird.<\/p>\n\t\t\n<style>\n#text-2229085125 {\n  text-align: left;\n}\n<\/style>\n\t<\/div>\n\t\n\n\t\t<\/div>\n\t<\/div>\n\t\n\t<div id=\"accordion-689295349\" class=\"accordion-item\">\n\t\t<a id=\"accordion-689295349-label\" class=\"accordion-title plain\" href=\"#accordion-item-was-mache-ich-nach-der-belichtung-mit-dem-negativ?\" aria-expanded=\"false\" aria-controls=\"accordion-689295349-content\" >\n\t\t\t<button class=\"toggle\" aria-label=\"Umschalten\"><i class=\"icon-angle-down\"><\/i><\/button>\n\t\t\t<span>Was mache ich nach der Belichtung mit dem Negativ?<\/span>\n\t\t<\/a>\n\t\t<div id=\"accordion-689295349-content\" class=\"accordion-inner\" aria-labelledby=\"accordion-689295349-label\" >\n\t\t\t\n\n\t<div id=\"text-2132723294\" class=\"text\">\n\t\t\n\n<p>\u00d6ffne die Kamera bei <strong>schwachem Licht<\/strong>. Lege das Papier in das schwarze Kuvert. Danach steckst du es in den wei\u00dfen Briefumschlag. Sende alles an uns zur\u00fcck. Wir scannen das Bild professionell ein und laden es anschlie\u00dfend in unser <a href=\"https:\/\/the-7th-day.de\/archiv\/\"><strong>Archiv<\/strong><\/a>.<\/p>\n\t\t\n<style>\n#text-2132723294 {\n  text-align: left;\n}\n<\/style>\n\t<\/div>\n\t\n\n\t\t<\/div>\n\t<\/div>\n\t\n\n<\/div>\n\n\t\t<\/div>\n\t\t\t\t\n<style>\n#col-548962753 > .col-inner {\n  padding: 0px 3px 0px 3px;\n}\n<\/style>\n\t<\/div>\n\n\t\n\n\t<div id=\"col-16827220\" class=\"col free-help-accordion medium-6 small-12 large-6\"  >\n\t\t\t\t<div class=\"col-inner\"  >\n\t\t\t\n\t\t\t\n\n<div class=\"accordion\">\n\n\t<div id=\"accordion-3314809623\" class=\"accordion-item\">\n\t\t<a id=\"accordion-3314809623-label\" class=\"accordion-title plain\" href=\"#accordion-item-bekomme-ich-mein-original-negativ-zur\u00fcck?\" aria-expanded=\"false\" aria-controls=\"accordion-3314809623-content\" >\n\t\t\t<button class=\"toggle\" aria-label=\"Umschalten\"><i class=\"icon-angle-down\"><\/i><\/button>\n\t\t\t<span>Bekomme ich mein Original-Negativ zur\u00fcck?<\/span>\n\t\t<\/a>\n\t\t<div id=\"accordion-3314809623-content\" class=\"accordion-inner\" aria-labelledby=\"accordion-3314809623-label\" >\n\t\t\t\n\n\t<div id=\"text-206374940\" class=\"text\">\n\t\t\n\n<p>Nein, das Original-Negativ wird beim <strong>Scannen zerst\u00f6rt<\/strong>. W\u00e4hrend des Scanvorgangs durchl\u00e4uft ein Lichtbalken das Fotopapier und belichtet es dabei vollst\u00e4ndig. Dieser Prozess geschieht simultan: Das analoge <strong>Negativ wird zerst\u00f6rt<\/strong>, w\u00e4hrend gleichzeitig die<strong>&nbsp;digitale Kopie<\/strong> entsteht. Das digitale Bild ist somit das einzig erhaltene \u201eOriginal\u201c. Da dieser Vorgang nicht wiederholbar ist, erfordert das Digitalisieren viel Sorgfalt und Erfahrung.<\/p>\n\t\t\n<style>\n#text-206374940 {\n  text-align: left;\n}\n<\/style>\n\t<\/div>\n\t\n\n\t\t<\/div>\n\t<\/div>\n\t\n\t<div id=\"accordion-3907967425\" class=\"accordion-item\">\n\t\t<a id=\"accordion-3907967425-label\" class=\"accordion-title plain\" href=\"#accordion-item-was-darf-ich-mit-meinem-bild-machen?\" aria-expanded=\"false\" aria-controls=\"accordion-3907967425-content\" >\n\t\t\t<button class=\"toggle\" aria-label=\"Umschalten\"><i class=\"icon-angle-down\"><\/i><\/button>\n\t\t\t<span>Was darf ich mit meinem Bild machen?<\/span>\n\t\t<\/a>\n\t\t<div id=\"accordion-3907967425-content\" class=\"accordion-inner\" aria-labelledby=\"accordion-3907967425-label\" >\n\t\t\t\n\n\t<div id=\"text-147902191\" class=\"text\">\n\t\t\n\n<p>Du darfst dein eigenes Bild auch <strong data-start=\"175\" data-end=\"200\" data-is-only-node=\"\">kommerziell verwenden<\/strong>. Wir bitten dich dabei lediglich, das Projekt <em data-start=\"247\" data-end=\"260\">The 7th Day <\/em>sowie die <strong data-start=\"285\" data-end=\"299\">Bildnummer<\/strong> zu erw\u00e4hnen.<br data-start=\"312\" data-end=\"315\">Als Teilnehmer erh\u00e4ltst du Zugang zum <strong data-start=\"364\" data-end=\"383\">gesamten Archiv<\/strong>, in dem tausende Bilder anderer Teilnehmer gespeichert sind. Diese Bilder d\u00fcrfen ausschlie\u00dflich <strong data-start=\"480\" data-end=\"501\">nicht-kommerziell<\/strong> genutzt werden \u2013 etwa f\u00fcr private Zwecke oder Bildungsprojekte. F\u00fcr jede andere Nutzung ist die Zustimmung des jeweiligen Urhebers erforderlich.<\/p>\n\t\t\n<style>\n#text-147902191 {\n  text-align: left;\n}\n<\/style>\n\t<\/div>\n\t\n\n\t\t<\/div>\n\t<\/div>\n\t\n\t<div id=\"accordion-3263623797\" class=\"accordion-item\">\n\t\t<a id=\"accordion-3263623797-label\" class=\"accordion-title plain\" href=\"#accordion-item-welche-rolle-spielen-tiere-oder-\u00e4u\u00dfere-umwelteinfl\u00fcsse-bei-der-belichtung?\" aria-expanded=\"false\" aria-controls=\"accordion-3263623797-content\" >\n\t\t\t<button class=\"toggle\" aria-label=\"Umschalten\"><i class=\"icon-angle-down\"><\/i><\/button>\n\t\t\t<span>Welche Rolle spielen Tiere oder \u00e4u\u00dfere Umwelteinfl\u00fcsse bei der Belichtung?<\/span>\n\t\t<\/a>\n\t\t<div id=\"accordion-3263623797-content\" class=\"accordion-inner\" aria-labelledby=\"accordion-3263623797-label\" >\n\t\t\t\n\n\t<div id=\"text-1311357483\" class=\"text\">\n\t\t\n\n<p>Tiere, Wetter oder Staub k\u00f6nnen das Bild beeinflussen. V\u00f6gel k\u00f6nnen das Loch anpicken oder Spinnen ein Netz vor der Kamera bauen \u2013 solche Eingriffe ver\u00e4ndern das Ergebnis sichtbar. Als Teilnehmer solltest du dir dieser Einfl\u00fcsse bewusst sein. Der Zufall ist dabei kein Fehler, sondern ein wichtiger Teil des Projekts. Natur, Zeit und Umgebung machen jede Aufnahme einzigartig und oft \u00fcberraschend.<\/p>\n\t\t\n<style>\n#text-1311357483 {\n  text-align: left;\n}\n<\/style>\n\t<\/div>\n\t\n\n\t\t<\/div>\n\t<\/div>\n\t\n\t<div id=\"accordion-4293300571\" class=\"accordion-item\">\n\t\t<a id=\"accordion-4293300571-label\" class=\"accordion-title plain\" href=\"#accordion-item-warum-entstehen-auf-manchen-bildern-so-ungew\u00f6hnliche-oder-starke-farben?\" aria-expanded=\"false\" aria-controls=\"accordion-4293300571-content\" >\n\t\t\t<button class=\"toggle\" aria-label=\"Umschalten\"><i class=\"icon-angle-down\"><\/i><\/button>\n\t\t\t<span>Warum entstehen auf manchen Bildern so ungew\u00f6hnliche oder starke Farben?<\/span>\n\t\t<\/a>\n\t\t<div id=\"accordion-4293300571-content\" class=\"accordion-inner\" aria-labelledby=\"accordion-4293300571-label\" >\n\t\t\t\n\n\t<div id=\"text-1132493942\" class=\"text\">\n\t\t\n\n<p>Das h\u00e4ngt von mehreren Faktoren ab: <strong data-start=\"214\" data-end=\"228\" data-is-only-node=\"\">Jahreszeit<\/strong>, <strong data-start=\"230\" data-end=\"249\">Himmelsrichtung<\/strong> und vor allem vom verwendeten <strong data-start=\"280\" data-end=\"294\">Fotopapier<\/strong>. Wir nutzen unterschiedliche Papiere und jedes reagiert anders auf Licht. Auch die <strong data-start=\"414\" data-end=\"423\">Dauer <\/strong>und <strong data-start=\"428\" data-end=\"457\">Intensit\u00e4t der Belichtung<\/strong> beeinflussen Farben und Kontraste deutlich. Dadurch entstehen die teils \u00fcberraschenden, intensiven Farbwirkungen der Bilder.<\/p>\n\t\t\n<style>\n#text-1132493942 {\n  text-align: left;\n}\n<\/style>\n\t<\/div>\n\t\n\n\t\t<\/div>\n\t<\/div>\n\t\n\t<div id=\"accordion-1774552885\" class=\"accordion-item\">\n\t\t<a id=\"accordion-1774552885-label\" class=\"accordion-title plain\" href=\"#accordion-item-wie-lange-kann-eine-kamera-tats\u00e4chlich-belichten-\u2013-sind-mehrere-jahre-wirklich-m\u00f6glich?\" aria-expanded=\"false\" aria-controls=\"accordion-1774552885-content\" >\n\t\t\t<button class=\"toggle\" aria-label=\"Umschalten\"><i class=\"icon-angle-down\"><\/i><\/button>\n\t\t\t<span>Wie lange kann eine Kamera tats\u00e4chlich belichten \u2013 sind mehrere Jahre wirklich m\u00f6glich?<\/span>\n\t\t<\/a>\n\t\t<div id=\"accordion-1774552885-content\" class=\"accordion-inner\" aria-labelledby=\"accordion-1774552885-label\" >\n\t\t\t\n\n\t<div id=\"text-1347026782\" class=\"text\">\n\t\t\n\n<p>Ja, es gab Kameras im Projekt mit <strong>8 Jahren Belichtungszeit<\/strong>. Das Bild wird dadurch nicht schlechter. Das Fotopapier reagiert langsam und stetig. Voraussetzung ist, dass die Kamera stabil befestigt bleibt. Langzeitbelichtung ist ausdr\u00fccklich von uns erw\u00fcnscht.<\/p>\n\t\t\n<style>\n#text-1347026782 {\n  text-align: left;\n}\n<\/style>\n\t<\/div>\n\t\n\n\t\t<\/div>\n\t<\/div>\n\t\n\n<\/div>\n\n\t\t<\/div>\n\t\t\t\t\n<style>\n#col-16827220 > .col-inner {\n  padding: 0px 3px 0px 3px;\n}\n<\/style>\n\t<\/div>\n\n\t\n\n<\/div>\n\n\t\t<\/div>\n\t\t\t\t\t<\/div>\n\n\t\n\n<\/div>\n\n\t\t<\/div>\n\t\t\t\t\n<style>\n#col-865817150 > .col-inner {\n  padding: 10px 0px 10px 0px;\n  margin: 0px 0px -10px 0px;\n}\n<\/style>\n\t<\/div>\n\n\t\n\n<\/div>\n<div class=\"row\"  id=\"row-2011772750\">\n\n\n\t<div id=\"col-1111282102\" class=\"col medium-2 small-12 large-2\"  >\n\t\t\t\t<div class=\"col-inner\"  >\n\t\t\t\n\t\t\t\n\n\n\t\t<\/div>\n\t\t\t\t\t<\/div>\n\n\t\n\n\t<div id=\"col-1083735357\" class=\"col medium-8 small-12 large-8\"  >\n\t\t\t\t<div class=\"col-inner\"  >\n\t\t\t\n\t\t\t\n\n\t<div id=\"text-1214012512\" class=\"text\">\n\t\t\n\n<p><strong data-start=\"98\" data-end=\"125\">Du hast weitere Fragen?<\/strong><br data-start=\"125\" data-end=\"128\">Schreib uns gerne eine E-Mail an: <a class=\"cursor-pointer\" rel=\"noopener\" data-start=\"162\" data-end=\"211\">post@the-7th-day.de. W<\/a>ir helfen dir weiter!<\/p>\n\t\t\n<style>\n#text-1214012512 {\n  text-align: left;\n}\n<\/style>\n\t<\/div>\n\t\n\n\t\t<\/div>\n\t\t\t\t\t<\/div>\n\n\t\n\n\t<div id=\"col-7910520\" class=\"col medium-2 small-12 large-2\"  >\n\t\t\t\t<div class=\"col-inner\"  >\n\t\t\t\n\t\t\t\n\n\n\t\t<\/div>\n\t\t\t\t\t<\/div>\n\n\t\n\n<\/div>\n\n\t\t<\/div>\n\t\t\t\t\t<\/div>\n\n\t\n\n<\/div>\n\n\t\t<\/div>\n\n\t\t\n<style>\n#section_79933253 {\n  padding-top: 0px;\n  padding-bottom: 0px;\n  background-color: rgb(255,255,255);\n}\n<\/style>\n\t<\/section>\n\t\n\n\n\n<p><\/p>\n","protected":false},"excerpt":{"rendered":"","protected":false},"author":1,"featured_media":0,"parent":0,"menu_order":0,"comment_status":"closed","ping_status":"closed","template":"","meta":{"footnotes":""},"class_list":["post-3310","page","type-page","status-publish","hentry"],"yoast_head":"<!-- This site is optimized with the Yoast SEO plugin v25.7 - https:\/\/yoast.com\/wordpress\/plugins\/seo\/ -->\n<title>H\u00e4ufig gestellte Fragen - The 7th Day<\/title>\n<meta name=\"description\" content=\"H\u00e4ufig gestellte Fragen rund um die Lochkamera Camera Obscura von The 7th Day. Alles zur Belichtung, Anwendung und Teilnahme einfach erkl\u00e4rt.\" \/>\n<meta name=\"robots\" content=\"index, follow, max-snippet:-1, max-image-preview:large, max-video-preview:-1\" \/>\n<link rel=\"canonical\" href=\"https:\/\/the-7th-day.de\/blog\/haeufig-gestellte-fragen\/\" \/>\n<meta property=\"og:locale\" content=\"de_DE\" \/>\n<meta property=\"og:type\" content=\"article\" \/>\n<meta property=\"og:title\" content=\"H\u00e4ufig gestellte Fragen - The 7th Day\" \/>\n<meta property=\"og:description\" content=\"H\u00e4ufig gestellte Fragen rund um die Lochkamera Camera Obscura von The 7th Day. Alles zur Belichtung, Anwendung und Teilnahme einfach erkl\u00e4rt.\" \/>\n<meta property=\"og:url\" content=\"https:\/\/the-7th-day.de\/blog\/haeufig-gestellte-fragen\/\" \/>\n<meta property=\"og:site_name\" content=\"The 7th Day\" \/>\n<meta property=\"article:publisher\" content=\"https:\/\/www.facebook.com\/the7tday\" \/>\n<meta property=\"article:modified_time\" content=\"2025-08-25T18:16:57+00:00\" \/>\n<meta name=\"twitter:card\" content=\"summary_large_image\" \/>\n<meta name=\"twitter:label1\" content=\"Gesch\u00e4tzte Lesezeit\" \/>\n\t<meta name=\"twitter:data1\" content=\"5\u00a0Minuten\" \/>\n<script type=\"application\/ld+json\" class=\"yoast-schema-graph\">{\"@context\":\"https:\/\/schema.org\",\"@graph\":[{\"@type\":\"WebPage\",\"@id\":\"https:\/\/the-7th-day.de\/blog\/haeufig-gestellte-fragen\/\",\"url\":\"https:\/\/the-7th-day.de\/blog\/haeufig-gestellte-fragen\/\",\"name\":\"H\u00e4ufig gestellte Fragen - The 7th Day\",\"isPartOf\":{\"@id\":\"https:\/\/the-7th-day.de\/blog\/#website\"},\"datePublished\":\"2025-08-02T10:09:17+00:00\",\"dateModified\":\"2025-08-25T18:16:57+00:00\",\"description\":\"H\u00e4ufig gestellte Fragen rund um die Lochkamera Camera Obscura von The 7th Day. Alles zur Belichtung, Anwendung und Teilnahme einfach erkl\u00e4rt.\",\"breadcrumb\":{\"@id\":\"https:\/\/the-7th-day.de\/blog\/haeufig-gestellte-fragen\/#breadcrumb\"},\"inLanguage\":\"de\",\"potentialAction\":[{\"@type\":\"ReadAction\",\"target\":[\"https:\/\/the-7th-day.de\/blog\/haeufig-gestellte-fragen\/\"]}]},{\"@type\":\"BreadcrumbList\",\"@id\":\"https:\/\/the-7th-day.de\/blog\/haeufig-gestellte-fragen\/#breadcrumb\",\"itemListElement\":[{\"@type\":\"ListItem\",\"position\":1,\"name\":\"Front Page\",\"item\":\"https:\/\/the-7th-day.de\/blog\/\"},{\"@type\":\"ListItem\",\"position\":2,\"name\":\"H\u00e4ufig gestellte Fragen\"}]},{\"@type\":\"WebSite\",\"@id\":\"https:\/\/the-7th-day.de\/blog\/#website\",\"url\":\"https:\/\/the-7th-day.de\/blog\/\",\"name\":\"The 7th Day\",\"description\":\"\",\"publisher\":{\"@id\":\"https:\/\/the-7th-day.de\/blog\/#organization\"},\"potentialAction\":[{\"@type\":\"SearchAction\",\"target\":{\"@type\":\"EntryPoint\",\"urlTemplate\":\"https:\/\/the-7th-day.de\/blog\/?s={search_term_string}\"},\"query-input\":{\"@type\":\"PropertyValueSpecification\",\"valueRequired\":true,\"valueName\":\"search_term_string\"}}],\"inLanguage\":\"de\"},{\"@type\":\"Organization\",\"@id\":\"https:\/\/the-7th-day.de\/blog\/#organization\",\"name\":\"The 7th Day\",\"url\":\"https:\/\/the-7th-day.de\/blog\/\",\"logo\":{\"@type\":\"ImageObject\",\"inLanguage\":\"de\",\"@id\":\"https:\/\/the-7th-day.de\/blog\/#\/schema\/logo\/image\/\",\"url\":\"https:\/\/the-7th-day.de\/blog\/wp-content\/uploads\/2025\/07\/7th-Day-logo-scaled.webp\",\"contentUrl\":\"https:\/\/the-7th-day.de\/blog\/wp-content\/uploads\/2025\/07\/7th-Day-logo-scaled.webp\",\"width\":2048,\"height\":506,\"caption\":\"The 7th Day\"},\"image\":{\"@id\":\"https:\/\/the-7th-day.de\/blog\/#\/schema\/logo\/image\/\"},\"sameAs\":[\"https:\/\/www.facebook.com\/the7tday\",\"https:\/\/www.instagram.com\/the7thday\/\",\"https:\/\/de.pinterest.com\/the7thdayGE\/\"]}]}<\/script>\n<!-- \/ Yoast SEO plugin. -->","yoast_head_json":{"title":"H\u00e4ufig gestellte Fragen - The 7th Day","description":"H\u00e4ufig gestellte Fragen rund um die Lochkamera Camera Obscura von The 7th Day. Alles zur Belichtung, Anwendung und Teilnahme einfach erkl\u00e4rt.","robots":{"index":"index","follow":"follow","max-snippet":"max-snippet:-1","max-image-preview":"max-image-preview:large","max-video-preview":"max-video-preview:-1"},"canonical":"https:\/\/the-7th-day.de\/blog\/haeufig-gestellte-fragen\/","og_locale":"de_DE","og_type":"article","og_title":"H\u00e4ufig gestellte Fragen - The 7th Day","og_description":"H\u00e4ufig gestellte Fragen rund um die Lochkamera Camera Obscura von The 7th Day. Alles zur Belichtung, Anwendung und Teilnahme einfach erkl\u00e4rt.","og_url":"https:\/\/the-7th-day.de\/blog\/haeufig-gestellte-fragen\/","og_site_name":"The 7th Day","article_publisher":"https:\/\/www.facebook.com\/the7tday","article_modified_time":"2025-08-25T18:16:57+00:00","twitter_card":"summary_large_image","twitter_misc":{"Gesch\u00e4tzte Lesezeit":"5\u00a0Minuten"},"schema":{"@context":"https:\/\/schema.org","@graph":[{"@type":"WebPage","@id":"https:\/\/the-7th-day.de\/blog\/haeufig-gestellte-fragen\/","url":"https:\/\/the-7th-day.de\/blog\/haeufig-gestellte-fragen\/","name":"H\u00e4ufig gestellte Fragen - The 7th Day","isPartOf":{"@id":"https:\/\/the-7th-day.de\/blog\/#website"},"datePublished":"2025-08-02T10:09:17+00:00","dateModified":"2025-08-25T18:16:57+00:00","description":"H\u00e4ufig gestellte Fragen rund um die Lochkamera Camera Obscura von The 7th Day. Alles zur Belichtung, Anwendung und Teilnahme einfach erkl\u00e4rt.","breadcrumb":{"@id":"https:\/\/the-7th-day.de\/blog\/haeufig-gestellte-fragen\/#breadcrumb"},"inLanguage":"de","potentialAction":[{"@type":"ReadAction","target":["https:\/\/the-7th-day.de\/blog\/haeufig-gestellte-fragen\/"]}]},{"@type":"BreadcrumbList","@id":"https:\/\/the-7th-day.de\/blog\/haeufig-gestellte-fragen\/#breadcrumb","itemListElement":[{"@type":"ListItem","position":1,"name":"Front Page","item":"https:\/\/the-7th-day.de\/blog\/"},{"@type":"ListItem","position":2,"name":"H\u00e4ufig gestellte Fragen"}]},{"@type":"WebSite","@id":"https:\/\/the-7th-day.de\/blog\/#website","url":"https:\/\/the-7th-day.de\/blog\/","name":"The 7th Day","description":"","publisher":{"@id":"https:\/\/the-7th-day.de\/blog\/#organization"},"potentialAction":[{"@type":"SearchAction","target":{"@type":"EntryPoint","urlTemplate":"https:\/\/the-7th-day.de\/blog\/?s={search_term_string}"},"query-input":{"@type":"PropertyValueSpecification","valueRequired":true,"valueName":"search_term_string"}}],"inLanguage":"de"},{"@type":"Organization","@id":"https:\/\/the-7th-day.de\/blog\/#organization","name":"The 7th Day","url":"https:\/\/the-7th-day.de\/blog\/","logo":{"@type":"ImageObject","inLanguage":"de","@id":"https:\/\/the-7th-day.de\/blog\/#\/schema\/logo\/image\/","url":"https:\/\/the-7th-day.de\/blog\/wp-content\/uploads\/2025\/07\/7th-Day-logo-scaled.webp","contentUrl":"https:\/\/the-7th-day.de\/blog\/wp-content\/uploads\/2025\/07\/7th-Day-logo-scaled.webp","width":2048,"height":506,"caption":"The 7th Day"},"image":{"@id":"https:\/\/the-7th-day.de\/blog\/#\/schema\/logo\/image\/"},"sameAs":["https:\/\/www.facebook.com\/the7tday","https:\/\/www.instagram.com\/the7thday\/","https:\/\/de.pinterest.com\/the7thdayGE\/"]}]}},"_links":{"self":[{"href":"https:\/\/the-7th-day.de\/blog\/wp-json\/wp\/v2\/pages\/3310","targetHints":{"allow":["GET"]}}],"collection":[{"href":"https:\/\/the-7th-day.de\/blog\/wp-json\/wp\/v2\/pages"}],"about":[{"href":"https:\/\/the-7th-day.de\/blog\/wp-json\/wp\/v2\/types\/page"}],"author":[{"embeddable":true,"href":"https:\/\/the-7th-day.de\/blog\/wp-json\/wp\/v2\/users\/1"}],"replies":[{"embeddable":true,"href":"https:\/\/the-7th-day.de\/blog\/wp-json\/wp\/v2\/comments?post=3310"}],"version-history":[{"count":19,"href":"https:\/\/the-7th-day.de\/blog\/wp-json\/wp\/v2\/pages\/3310\/revisions"}],"predecessor-version":[{"id":3818,"href":"https:\/\/the-7th-day.de\/blog\/wp-json\/wp\/v2\/pages\/3310\/revisions\/3818"}],"wp:attachment":[{"href":"https:\/\/the-7th-day.de\/blog\/wp-json\/wp\/v2\/media?parent=3310"}],"curies":[{"name":"wp","href":"https:\/\/api.w.org\/{rel}","templated":true}]}}